{"id":147,"date":"2020-04-22T16:35:46","date_gmt":"2020-04-22T13:35:46","guid":{"rendered":"https:\/\/juustola-shop.bitwise.fi\/maitolaituri\/?page_id=147"},"modified":"2020-05-20T17:29:50","modified_gmt":"2020-05-20T14:29:50","slug":"tietosuojaseloste","status":"publish","type":"page","link":"https:\/\/shop.juustola.fi\/maitolaituri\/tietosuojaseloste\/","title":{"rendered":"Tietosuojaseloste"},"content":{"rendered":"\r\n<h2 class=\"wp-block-heading\">Keit\u00e4 olemme<\/h2>\r\n\r\n\r\n\r\n<p>Verkkosivustomme osoite on: https:\/\/juustola.com.<\/p>\r\n\r\n\r\n\r\n<h2 class=\"wp-block-heading\">Mit\u00e4 henkil\u00f6tietoa ker\u00e4\u00e4mme ja miksi<\/h2>\r\n\r\n\r\n\r\n<h3 class=\"wp-block-heading\">Tuotearviot<\/h3>\r\n\r\n\r\n\r\n<p>Kun sivuston k\u00e4ytt\u00e4j\u00e4t j\u00e4tt\u00e4v\u00e4t tuotearviointeja sivustolle, ker\u00e4\u00e4mme lomakkeessa olevat tiedot, sek\u00e4 k\u00e4ytt\u00e4j\u00e4n IP-osoitteen ja selaimen versiotiedot roskaviestien tunnistamisen helpottamiseksi.<\/p>\r\n\r\n\r\n\r\n<p>Kun vierailijat j\u00e4tt\u00e4v\u00e4t tuotearvioinnin t\u00e4lle sivustolle ker\u00e4\u00e4mme tiedon, joka on n\u00e4kyviss\u00e4 lomakkeen kentiss\u00e4, IP-osoitteen sek\u00e4 selaimen versioon liittyv\u00e4t tiedot. S\u00e4hk\u00f6postiosoitteesta luotu anonymisoitu hajautustieto (hash) voidaan l\u00e4hett\u00e4\u00e4 Gravatar-palveluun, jotta tiedet\u00e4\u00e4n onko kommentoija palvelun k\u00e4ytt\u00e4j\u00e4. Gravatar-palvelun tietosuojaseloste l\u00f6ytyy osoitteesta https:\/\/automattic.com\/privacy\/.<\/p>\r\n\r\n\r\n\r\n<h3 class=\"wp-block-heading\">Yhteydenottolomakkeet<\/h3>\r\n\r\n\r\n\r\n<p>Kun sivuston k\u00e4ytt\u00e4j\u00e4t t\u00e4ytt\u00e4v\u00e4t yhteydenottolomakkeen, ker\u00e4\u00e4me lomakkeessa olevat tiedot, sek\u00e4 k\u00e4ytt\u00e4j\u00e4n IP-osoitteen ja selaimen versiotiedot roskaviestien tunnistamisen helpottamiseksi.<\/p>\r\n\r\n\r\n\r\n<h3 class=\"wp-block-heading\">Ev\u00e4steet<\/h3>\r\n\r\n\r\n\r\n<p>Jos j\u00e4t\u00e4t tuotearvioinnin sivustolle, voit valita nimen, s\u00e4hk\u00f6postiosoitteen ja url-osoitteen tallennuksen ev\u00e4steeseen. T\u00e4m\u00e4 toiminto lis\u00e4\u00e4 k\u00e4ytt\u00f6mukavuutta, koska lomaketta ei tarvitse t\u00e4ytt\u00e4\u00e4 jokaisella kerralla uudelleen tuotearviointia lis\u00e4tess\u00e4. Ev\u00e4stetieto poistetaan selaimesta vuoden kuluttua.<\/p>\r\n\r\n\r\n\r\n<p>Mik\u00e4li sinulla on tili ja kirjaudut sivustolle, asetamme v\u00e4liaikaisen ev\u00e4steen, joka p\u00e4\u00e4ttelee tukeeko selaimesi ev\u00e4steit\u00e4 vai ei. T\u00e4m\u00e4 ev\u00e4ste ei sis\u00e4ll\u00e4 henkil\u00f6tietoa ja se poistetaan kun selainikkuna suljetaan.<\/p>\r\n\r\n\r\n\r\n<p>Kun kirjaudut sis\u00e4\u00e4n asetamme useita ev\u00e4steit\u00e4, jotka tallentavat kirjautumis- sek\u00e4 n\u00e4ytt\u00f6asetuksesi. Kirjautumisev\u00e4steet poistetaan kahden vuorokauden kuluessa, n\u00e4ytt\u00f6asetuksiin liittyv\u00e4t ev\u00e4steet poistuvat vuoden p\u00e4\u00e4st\u00e4. Mik\u00e4li valitset \u201cMuista minut\u201d kirjautumisen yhteydess\u00e4, kirjautumistietojasi s\u00e4ilytet\u00e4\u00e4n kahden viikon ajan. Mik\u00e4li kirjaudut ulos, kirjautumiseen liittyv\u00e4t ev\u00e4steet poistetaan samassa yhteydess\u00e4.<\/p>\r\n\r\n\r\n\r\n<p>Mik\u00e4li julkaiset artikkelin tai muokkaat olemassa olevaa tallennamme selaimeen ev\u00e4steen, joka sis\u00e4lt\u00e4\u00e4 muokattavan artikkelin ID:n. Ev\u00e4ste vanhenee yhdess\u00e4 vuorokaudessa.<\/p>\r\n\r\n\r\n\r\n<h3 class=\"wp-block-heading\">Muilta sivustoilta upotettu sis\u00e4lt\u00f6<\/h3>\r\n\r\n\r\n\r\n<p>T\u00e4m\u00e4n sivuston artikkelit voivat sis\u00e4lt\u00e4\u00e4 upotettua sis\u00e4lt\u00f6\u00e4 (esimerkiksi videoita, kuvia, artikkeleita jne.). Toisilta sivustoilta tuodun upotetun sis\u00e4ll\u00f6n avaaminen on verrattavissa siihen, ett\u00e4 vierailija itse k\u00e4visi kolmannen osapuolen sivustolla.<\/p>\r\n\r\n\r\n\r\n<p>N\u00e4m\u00e4 sivustot voivat ker\u00e4t\u00e4 tietoa sinusta, k\u00e4ytt\u00e4\u00e4 ev\u00e4steit\u00e4, upottaa kolmannen osapuolen seurantaev\u00e4steit\u00e4 ja monitoroida vuorovaikutustasi upotetun sis\u00e4ll\u00f6n kanssa, mukaan lukien vuorovaikutuksen seuranta jos ja kun olet kirjautunut k\u00e4ytt\u00e4j\u00e4n\u00e4 sivustolle.<\/p>\r\n\r\n\r\n\r\n<h3 class=\"wp-block-heading\">Analytiikka<\/h3>\r\n\r\n\r\n\r\n<p>Sivusto ker\u00e4\u00e4 tietoa siit\u00e4 mist\u00e4 osoitteista sivustolla k\u00e4yd\u00e4\u00e4n ja mill\u00e4 sivuilla vierailijat k\u00e4yv\u00e4t ja kuinka kauan vierailu kest\u00e4\u00e4. K\u00e4ytt\u00e4j\u00e4kohtaisia tietoja ei tallenneta vaan tietoja k\u00e4sitell\u00e4\u00e4n koontitietoina.<\/p>\r\n\r\n\r\n\r\n<h2 class=\"wp-block-heading\">Kenelle jaamme tietosi<\/h2>\r\n\r\n\r\n\r\n<p>Analytiikkatiedot jaetaan Google Analytics palveluun.<\/p>\r\n\r\n\r\n\r\n<p>K\u00e4ytt\u00e4j\u00e4profiilien tietoja ei jaeta ulkopuolisille yrityksille.<\/p>\r\n\r\n\r\n\r\n<p>Vierailijoiden tuotearviointeja saatetaan tarkistaa automatisoidun roskapostiestopalvelun kautta.<\/p>\r\n\r\n\r\n\r\n<h2 class=\"wp-block-heading\">Kuinka kauan s\u00e4ilyt\u00e4mme tietoa<\/h2>\r\n\r\n\r\n\r\n<p>Mik\u00e4li j\u00e4t\u00e4t tuotearvionnin, tuotearviointia ja sen metatietoa s\u00e4ilytet\u00e4\u00e4n toistaiseksi. T\u00e4m\u00e4 tehd\u00e4\u00e4n siksi, ett\u00e4 voimme tunnistaa ja hyv\u00e4ksy\u00e4 seuraavat tuotearvioinnit automaattisesti sen sijaan, ett\u00e4 s\u00e4ilytt\u00e4isimme ne moderointijonossa.<\/p>\r\n\r\n\r\n\r\n<p>Tallennamme rekister\u00f6ityneiden k\u00e4ytt\u00e4jien (jos sellaisia on) k\u00e4ytt\u00e4j\u00e4profiilien tiedot. Kaikilla k\u00e4ytt\u00e4jill\u00e4 on mahdollisuus n\u00e4hd\u00e4, muokata ja poistaa omia henkil\u00f6tietojaan milloin vain. Ainoastaan k\u00e4ytt\u00e4j\u00e4nime\u00e4 ei voi muuttaa. Verkkosivuston yll\u00e4pit\u00e4j\u00e4t voivat n\u00e4hd\u00e4 ja muokata k\u00e4ytt\u00e4j\u00e4profiilien tietoja.<\/p>\r\n\r\n\r\n\r\n<h2 class=\"wp-block-heading\">Mit\u00e4 oikeuksia sinulla on omaan tietoosi<\/h2>\r\n\r\n\r\n\r\n<p>Mik\u00e4li sinulla on k\u00e4ytt\u00e4j\u00e4tili t\u00e4lle sivustolle tai olet j\u00e4tt\u00e4nyt tuotearviointeja, voit pyyt\u00e4\u00e4 koostetiedostoa omista henkil\u00f6tiedoistasi, sis\u00e4lt\u00e4en kaiken henkil\u00f6tiedon, jonka olet meille antanut. Voit my\u00f6s pyyt\u00e4\u00e4 henkil\u00f6tietojesi poistoa. Oikeus omien tietojen poistoon ei koske sellaista henkil\u00f6tietoa, joka meid\u00e4n on s\u00e4ilytett\u00e4v\u00e4 yll\u00e4pidollisista, juridisista tai tietoturvaan liittyvist\u00e4 syist\u00e4.<\/p>\r\n\r\n\r\n\r\n<h2 class=\"wp-block-heading\">Omat yhteystietosi<\/h2>\r\n\r\n\r\n\r\n<h4 class=\"wp-block-heading\">Heikkil\u00e4n Tila<\/h4>\r\n\r\n\r\n\r\n<p>K\u00f6\u00f6kinm\u00e4entie 1, 36660 Laitikkala<\/p>\r\n\r\n\r\n\r\n<p>heikkila(at)juustola.fi<\/p>\r\n\r\n\r\n\r\n<p>+35844 339 9904<\/p>\r\n\r\n\r\n\r\n<h2 class=\"wp-block-heading\">Lis\u00e4tiedot<\/h2>\r\n\r\n\r\n\r\n<h3 class=\"wp-block-heading\">Kuinka suojelemme henkil\u00f6tietojasi<\/h3>\r\n\r\n\r\n\r\n<p>Henkil\u00f6tietosi tallennetaan suojattuun tietokantaan, johon on p\u00e4\u00e4sy ainoastaan j\u00e4rjestelm\u00e4n yll\u00e4pit\u00e4jill\u00e4.<\/p>\r\n\r\n\r\n\r\n<h3 class=\"wp-block-heading\">Miten toimimme tietomurron tapahtuessa<\/h3>\r\n\r\n\r\n\r\n<p>Mik\u00e4li joudumme tietomurron kohteeksi ilmoitamme sinulle k\u00e4ytt\u00e4j\u00e4profiilissa olevaan s\u00e4hk\u00f6postiosoitteeseen tapahtuneesta.<\/p>\r\n\r\n\r\n\r\n<h3 class=\"wp-block-heading\">Henkil\u00f6tietoon liittyv\u00e4 automaattinen p\u00e4\u00e4t\u00f6ksenteko ja profilointi<\/h3>\r\n\r\n\r\n\r\n<p>Tuotearviointeja saatetaan profiloida automaattisesti ja tehd\u00e4 siihen pohjautuen automaattisia p\u00e4\u00e4t\u00f6ksi\u00e4 niiden julkaisusta.<\/p>\r\n","protected":false},"excerpt":{"rendered":"<p>Keit\u00e4 olemme Verkkosivustomme osoite on: https:\/\/juustola.com. Mit\u00e4 henkil\u00f6tietoa ker\u00e4\u00e4mme ja miksi Tuotearviot Kun sivuston k\u00e4ytt\u00e4j\u00e4t j\u00e4tt\u00e4v\u00e4t tuotearviointeja sivustolle, ker\u00e4\u00e4mme lomakkeessa olevat tiedot, sek\u00e4 k\u00e4ytt\u00e4j\u00e4n IP-osoitteen ja selaimen versiotiedot roskaviestien tunnistamisen helpottamiseksi. Kun vierailijat j\u00e4tt\u00e4v\u00e4t tuotearvioinnin t\u00e4lle sivustolle ker\u00e4\u00e4mme tiedon, joka on n\u00e4kyviss\u00e4 lomakkeen kentiss\u00e4, IP-osoitteen sek\u00e4 selaimen versioon liittyv\u00e4t tiedot. S\u00e4hk\u00f6postiosoitteesta luotu anonymisoitu hajautustieto (hash) [&hellip;]<\/p>\n","protected":false},"author":1,"featured_media":0,"parent":0,"menu_order":0,"comment_status":"closed","ping_status":"closed","template":"","meta":{"_acf_changed":false,"footnotes":""},"class_list":["post-147","page","type-page","status-publish","hentry"],"acf":[],"_links":{"self":[{"href":"https:\/\/shop.juustola.fi\/maitolaituri\/wp-json\/wp\/v2\/pages\/147","targetHints":{"allow":["GET"]}}],"collection":[{"href":"https:\/\/shop.juustola.fi\/maitolaituri\/wp-json\/wp\/v2\/pages"}],"about":[{"href":"https:\/\/shop.juustola.fi\/maitolaituri\/wp-json\/wp\/v2\/types\/page"}],"author":[{"embeddable":true,"href":"https:\/\/shop.juustola.fi\/maitolaituri\/wp-json\/wp\/v2\/users\/1"}],"replies":[{"embeddable":true,"href":"https:\/\/shop.juustola.fi\/maitolaituri\/wp-json\/wp\/v2\/comments?post=147"}],"version-history":[{"count":3,"href":"https:\/\/shop.juustola.fi\/maitolaituri\/wp-json\/wp\/v2\/pages\/147\/revisions"}],"predecessor-version":[{"id":245,"href":"https:\/\/shop.juustola.fi\/maitolaituri\/wp-json\/wp\/v2\/pages\/147\/revisions\/245"}],"wp:attachment":[{"href":"https:\/\/shop.juustola.fi\/maitolaituri\/wp-json\/wp\/v2\/media?parent=147"}],"curies":[{"name":"wp","href":"https:\/\/api.w.org\/{rel}","templated":true}]}}