{"id":150,"date":"2020-04-22T16:36:46","date_gmt":"2020-04-22T13:36:46","guid":{"rendered":"https:\/\/juustola-shop.bitwise.fi\/maitolaituri\/?page_id=150"},"modified":"2020-06-08T12:31:59","modified_gmt":"2020-06-08T09:31:59","slug":"tilaus-ja-sopimusehdot","status":"publish","type":"page","link":"https:\/\/shop.juustola.fi\/maitolaituri\/tilaus-ja-sopimusehdot\/","title":{"rendered":"Tilaus- ja sopimusehdot"},"content":{"rendered":"<h3><strong>Yleist\u00e4 <\/strong><\/h3>\n<p>Verkkokaupan tuotteita Heikkil\u00e4n Juustola \/ Tmi Heikkil\u00e4 Annika, FI23124233. Verkkokauppa myy tuotteitaan rekister\u00f6ityneille, t\u00e4ysi-ik\u00e4isille henkil\u00f6asiakkaille ja yritysasiakkaille. Kaikki hinnat sis\u00e4lt\u00e4v\u00e4t arvonlis\u00e4veron.<\/p>\n<h3><strong>Tilaus <\/strong><\/h3>\n<p>Tuotteet tilataan Heikkil\u00e4n Juustolan verkkokaupasta. Tilaus maksetaan etuk\u00e4teen tarjolla olevilla maksutavoilla ja noudetaan valitusta noutopisteest\u00e4.<\/p>\n<h3><strong>Tuotteiden saatavuus <\/strong><\/h3>\n<p>Tuotteiden saatavuus saattaa vaihdella noutopaikkojen v\u00e4lill\u00e4 ja tilattavissa on ainoastaan sellaisia tuotteita, joita ko. noutopaikassa on.<\/p>\n<h3><strong>Maksaminen ja maksutavat <\/strong><\/h3>\n<p>Maksu tapahtuu verkkokaupan yhteydess\u00e4 tilauksen j\u00e4lkeen saatavilla olevilla maksutavoilla.<\/p>\n<h3><strong>Toimitus <\/strong><\/h3>\n<p>Tilaus noudetaan Maitolaiturilta (nykyinen sijainti ilmoitettu verkkokaupassa) tilaajan haluamana ajankohtana, mutta ennen kuin Maitolaituri siirret\u00e4\u00e4n uuteen paikkaan. Tilauksen noutaminen ajallaan on tilaajan vastuulla.<\/p>\n<h3><strong>Tuotepalautukset <\/strong><\/h3>\n<p>Jos tilattu tuote ei vastaa odotuksia, tulee asia selvitt\u00e4\u00e4 mahdollisimman pian Heikkil\u00e4n Juustolan kanssa. Elintarviketuotteilla ei ole palautusoikeutta pois lukien vialliset, pilaantuneet, tai tuotekuvauksesta poikkeavat tuotteet. Tuotteita ei vaihdeta uusiin vaan hyvitet\u00e4\u00e4n pankkitilille maksettavalla korvauksella.<\/p>\n","protected":false},"excerpt":{"rendered":"<p>Yleist\u00e4 Verkkokaupan tuotteita Heikkil\u00e4n Juustola \/ Tmi Heikkil\u00e4 Annika, FI23124233. Verkkokauppa myy tuotteitaan rekister\u00f6ityneille, t\u00e4ysi-ik\u00e4isille henkil\u00f6asiakkaille ja yritysasiakkaille. Kaikki hinnat sis\u00e4lt\u00e4v\u00e4t arvonlis\u00e4veron. Tilaus Tuotteet tilataan Heikkil\u00e4n Juustolan verkkokaupasta. Tilaus maksetaan etuk\u00e4teen tarjolla olevilla maksutavoilla ja noudetaan valitusta noutopisteest\u00e4. Tuotteiden saatavuus Tuotteiden saatavuus saattaa vaihdella noutopaikkojen v\u00e4lill\u00e4 ja tilattavissa on ainoastaan sellaisia tuotteita, joita ko. noutopaikassa [&hellip;]<\/p>\n","protected":false},"author":1,"featured_media":0,"parent":0,"menu_order":0,"comment_status":"closed","ping_status":"closed","template":"","meta":{"_acf_changed":false,"footnotes":""},"class_list":["post-150","page","type-page","status-publish","hentry"],"acf":[],"_links":{"self":[{"href":"https:\/\/shop.juustola.fi\/maitolaituri\/wp-json\/wp\/v2\/pages\/150","targetHints":{"allow":["GET"]}}],"collection":[{"href":"https:\/\/shop.juustola.fi\/maitolaituri\/wp-json\/wp\/v2\/pages"}],"about":[{"href":"https:\/\/shop.juustola.fi\/maitolaituri\/wp-json\/wp\/v2\/types\/page"}],"author":[{"embeddable":true,"href":"https:\/\/shop.juustola.fi\/maitolaituri\/wp-json\/wp\/v2\/users\/1"}],"replies":[{"embeddable":true,"href":"https:\/\/shop.juustola.fi\/maitolaituri\/wp-json\/wp\/v2\/comments?post=150"}],"version-history":[{"count":7,"href":"https:\/\/shop.juustola.fi\/maitolaituri\/wp-json\/wp\/v2\/pages\/150\/revisions"}],"predecessor-version":[{"id":282,"href":"https:\/\/shop.juustola.fi\/maitolaituri\/wp-json\/wp\/v2\/pages\/150\/revisions\/282"}],"wp:attachment":[{"href":"https:\/\/shop.juustola.fi\/maitolaituri\/wp-json\/wp\/v2\/media?parent=150"}],"curies":[{"name":"wp","href":"https:\/\/api.w.org\/{rel}","templated":true}]}}