{"id":192,"date":"2020-05-07T16:44:05","date_gmt":"2020-05-07T13:44:05","guid":{"rendered":"https:\/\/shop.juustola.bitwise.fi\/maitolaituri\/?page_id=192"},"modified":"2023-12-10T23:13:19","modified_gmt":"2023-12-10T21:13:19","slug":"info","status":"publish","type":"page","link":"https:\/\/shop.juustola.fi\/maitolaituri\/info\/","title":{"rendered":"Info"},"content":{"rendered":"\r\n<p>&nbsp;<\/p>\r\n<p>&nbsp;<\/p>\r\n<p><strong>MAITOLAITURI ON POISSA K\u00c4YT\u00d6ST\u00c4<\/strong><\/p>\r\n<p>Maitolaituri on Heikkil\u00e4n Juustolan pop-up \u2013myym\u00e4l\u00e4k\u00e4rry, joka toimii 24h itsepalveluperiaatteella.\u00a0<\/p>\r\n\r\n\r\n\r\n<p>Maitolaiturilla myyd\u00e4\u00e4n Heikkil\u00e4n Juustolan l\u00e4hiruokaherkkuja kuten juustoja ja hapanmaitotuotteita. Kaikki tuotteet ovat kotimaista luomua. Lue lis\u00e4\u00e4 <a href=\"https:\/\/juustola.fi\/\" target=\"_blank\" rel=\"noreferrer noopener\">Heikkil\u00e4n Juustolasta<\/a>.<\/p>\r\n\r\n\r\n\r\n<p>Ostokset tehd\u00e4\u00e4n verkkokaupassa ja tuotteet noudetaan itse Maitolaiturilta. Maitolaiturin varastosaldo on reaaliaikainen. Voit noutaa verkkokaupassa tehdyt ostokset Maitolaiturilta heti tai sinulle sopivaan aikaan. Ovi aukeaa PIN-koodilla, jonka saat tilausvahvistuksen mukana s\u00e4hk\u00f6postiisi.<\/p>\r\n\r\n\r\n\r\n<p>Tarkista Maitolaiturin reaaliaikainen sijainti sek\u00e4 tulevat sijainnit:\u00a0<a href=\"https:\/\/shop.juustola.fi\/maitolaituri\/sijainti\/\">https:\/\/shop.juustola.fi\/maitolaituri\/sijainti\/<\/a><\/p>\r\n\r\n\r\n\r\n<h3 class=\"wp-block-heading\">N\u00e4in noudat tilauksesi Maitolaiturilta<\/h3>\r\n\r\n\r\n\r\n<ol class=\"wp-block-list\">\r\n<li>Tarkista Maitolaiturin sijainti <a href=\"https:\/\/shop.juustola.fi\/maitolaituri\/sijainti\/\" target=\"_blank\" rel=\"noreferrer noopener\">kartalta<\/a>.<\/li>\r\n<li>Tee ja maksa ostokset Maitolaiturin verkkokaupassa.<\/li>\r\n<li>Saat heti s\u00e4hk\u00f6postiisi PIN-koodin, jolla saat Maitolaiturin oven auki.<\/li>\r\n<li>Nouda tilauksesi sinulle sopivimpaan aikaan. Muista kuitenkin noutaa tilauksesi ennen kuin Maitolaituri vaihtaa paikkaa. Tilausvahvistuksestasi l\u00f6ytyy viimeinen mahdollinen noutop\u00e4iv\u00e4.<\/li>\r\n<li>Avaa Maitolaiturin ulko-ovi PIN-koodilla. N\u00e4et tilaamasi tuotteet listattuna Maitolaiturin sis\u00e4tilan n\u00e4yt\u00f6ll\u00e4.<\/li>\r\n<li>Kun avaat kylm\u00e4kaapin oven, hyllyjen merkkivalot syttyv\u00e4t ostamiesi tuotteiden kohdalle.<\/li>\r\n<li>Ker\u00e4\u00e4 ostamasi tuotteet ja varmista, ett\u00e4 kylm\u00e4kaapin ovi menee kunnolla kiinni. \u00a0<\/li>\r\n<li>Poistuessasi Maitolaiturilta varmista, ett\u00e4 ulko-ovi menee kunnolla kiinni. \u00a0<\/li>\r\n<li>Ongelmatilanteessa soita Pekka Moisio +358 40 7594549.<\/li>\r\n<\/ol>\r\n","protected":false},"excerpt":{"rendered":"<p>&nbsp; &nbsp; MAITOLAITURI ON POISSA K\u00c4YT\u00d6ST\u00c4 Maitolaituri on Heikkil\u00e4n Juustolan pop-up \u2013myym\u00e4l\u00e4k\u00e4rry, joka toimii 24h itsepalveluperiaatteella.\u00a0 Maitolaiturilla myyd\u00e4\u00e4n Heikkil\u00e4n Juustolan l\u00e4hiruokaherkkuja kuten juustoja ja hapanmaitotuotteita. Kaikki tuotteet ovat kotimaista luomua. Lue lis\u00e4\u00e4 Heikkil\u00e4n Juustolasta. Ostokset tehd\u00e4\u00e4n verkkokaupassa ja tuotteet noudetaan itse Maitolaiturilta. Maitolaiturin varastosaldo on reaaliaikainen. Voit noutaa verkkokaupassa tehdyt ostokset Maitolaiturilta heti tai sinulle [&hellip;]<\/p>\n","protected":false},"author":4,"featured_media":0,"parent":0,"menu_order":0,"comment_status":"closed","ping_status":"closed","template":"","meta":{"_acf_changed":false,"footnotes":""},"class_list":["post-192","page","type-page","status-publish","hentry"],"acf":[],"_links":{"self":[{"href":"https:\/\/shop.juustola.fi\/maitolaituri\/wp-json\/wp\/v2\/pages\/192","targetHints":{"allow":["GET"]}}],"collection":[{"href":"https:\/\/shop.juustola.fi\/maitolaituri\/wp-json\/wp\/v2\/pages"}],"about":[{"href":"https:\/\/shop.juustola.fi\/maitolaituri\/wp-json\/wp\/v2\/types\/page"}],"author":[{"embeddable":true,"href":"https:\/\/shop.juustola.fi\/maitolaituri\/wp-json\/wp\/v2\/users\/4"}],"replies":[{"embeddable":true,"href":"https:\/\/shop.juustola.fi\/maitolaituri\/wp-json\/wp\/v2\/comments?post=192"}],"version-history":[{"count":9,"href":"https:\/\/shop.juustola.fi\/maitolaituri\/wp-json\/wp\/v2\/pages\/192\/revisions"}],"predecessor-version":[{"id":1682,"href":"https:\/\/shop.juustola.fi\/maitolaituri\/wp-json\/wp\/v2\/pages\/192\/revisions\/1682"}],"wp:attachment":[{"href":"https:\/\/shop.juustola.fi\/maitolaituri\/wp-json\/wp\/v2\/media?parent=192"}],"curies":[{"name":"wp","href":"https:\/\/api.w.org\/{rel}","templated":true}]}}