{"id":1101,"date":"2021-03-11T16:23:57","date_gmt":"2021-03-11T14:23:57","guid":{"rendered":"https:\/\/shop.juustola.fi\/maitolaituri\/?post_type=product&#038;p=1101"},"modified":"2022-06-04T16:30:50","modified_gmt":"2022-06-04T13:30:50","slug":"vaniljajaatelo","status":"publish","type":"product","link":"https:\/\/shop.juustola.fi\/maitolaituri\/tuote\/vaniljajaatelo\/","title":{"rendered":"Vaniljaj\u00e4\u00e4tel\u00f6, 500g"},"content":{"rendered":"<p>T\u00e4ytel\u00e4inen, herkullinen&#8230;<\/p>\n<p>Luomumaidosta valmistettu j\u00e4\u00e4tel\u00f6, jossa maistuu aito vanilja. Sopii parhaiten suoraan purkista yksin nautittavaksi.<\/p>\n<p>Purkissa 550ml t\u00e4ytt\u00e4 tavaraa.<\/p>\n<p>Valmistusaineet:<\/p>\n<p>luomuMAITO (Suomi), luomuKERMA (Suomi), sokeri, rasvaton maitojauhe, t\u00e4rkkelyssiirappi, emulgointi- ja stabilointiaineet E471 (johanneksenleip\u00e4puujauhe, guarkumi, karrageeni), vanilja<\/p>\n","protected":false},"excerpt":{"rendered":"<p>T\u00e4ytel\u00e4inen, herkullinen&#8230; Luomumaidosta valmistettu j\u00e4\u00e4tel\u00f6, jossa maistuu aito vanilja. Sopii parhaiten suoraan purkista yksin nautittavaksi. Purkissa 550ml t\u00e4ytt\u00e4 tavaraa. Valmistusaineet: luomuMAITO (Suomi), luomuKERMA (Suomi), sokeri, rasvaton maitojauhe, t\u00e4rkkelyssiirappi, emulgointi- ja stabilointiaineet E471 (johanneksenleip\u00e4puujauhe, guarkumi, karrageeni), vanilja<\/p>\n","protected":false},"featured_media":1102,"comment_status":"open","ping_status":"closed","template":"","meta":{"_acf_changed":false},"product_brand":[],"product_cat":[45],"product_tag":[],"class_list":{"0":"post-1101","1":"product","2":"type-product","3":"status-publish","4":"has-post-thumbnail","6":"product_cat-muut-maitotuotteet","8":"first","9":"outofstock","10":"taxable","11":"shipping-taxable","12":"purchasable","13":"product-type-simple"},"acf":[],"_links":{"self":[{"href":"https:\/\/shop.juustola.fi\/maitolaituri\/wp-json\/wp\/v2\/product\/1101","targetHints":{"allow":["GET"]}}],"collection":[{"href":"https:\/\/shop.juustola.fi\/maitolaituri\/wp-json\/wp\/v2\/product"}],"about":[{"href":"https:\/\/shop.juustola.fi\/maitolaituri\/wp-json\/wp\/v2\/types\/product"}],"replies":[{"embeddable":true,"href":"https:\/\/shop.juustola.fi\/maitolaituri\/wp-json\/wp\/v2\/comments?post=1101"}],"wp:featuredmedia":[{"embeddable":true,"href":"https:\/\/shop.juustola.fi\/maitolaituri\/wp-json\/wp\/v2\/media\/1102"}],"wp:attachment":[{"href":"https:\/\/shop.juustola.fi\/maitolaituri\/wp-json\/wp\/v2\/media?parent=1101"}],"wp:term":[{"taxonomy":"product_brand","embeddable":true,"href":"https:\/\/shop.juustola.fi\/maitolaituri\/wp-json\/wp\/v2\/product_brand?post=1101"},{"taxonomy":"product_cat","embeddable":true,"href":"https:\/\/shop.juustola.fi\/maitolaituri\/wp-json\/wp\/v2\/product_cat?post=1101"},{"taxonomy":"product_tag","embeddable":true,"href":"https:\/\/shop.juustola.fi\/maitolaituri\/wp-json\/wp\/v2\/product_tag?post=1101"}],"curies":[{"name":"wp","href":"https:\/\/api.w.org\/{rel}","templated":true}]}}