{"id":1376,"date":"2021-11-07T11:16:39","date_gmt":"2021-11-07T09:16:39","guid":{"rendered":"https:\/\/shop.juustola.fi\/maitolaituri\/?post_type=product&#038;p=1376"},"modified":"2022-01-15T18:55:33","modified_gmt":"2022-01-15T16:55:33","slug":"puolukkajaatelo-500g","status":"publish","type":"product","link":"https:\/\/shop.juustola.fi\/maitolaituri\/tuote\/puolukkajaatelo-500g\/","title":{"rendered":"Puolukkaj\u00e4\u00e4tel\u00f6, 500g"},"content":{"rendered":"<p>Luomumaidosta valmistettu j\u00e4\u00e4tel\u00f6, jossa maistuu puolukka. Sopii parhaiten kinuskikastikkeen kera suoraan purkista yksin nautittavaksi.<\/p>\n<p>Purkissa 500g t\u00e4ytt\u00e4 tavaraa.<\/p>\n<p>Valmistusaineet:<\/p>\n<p>MAITO (Suomi), puolukka, KERMA (Suomi), sokeri, rasvaton maitojauhe, t\u00e4rkkelyssiirappi, emulgointi- ja stabilointiaineet E471 (johanneksenleip\u00e4puujauhe, guarkumi, karrageeni), vanilja<\/p>\n","protected":false},"excerpt":{"rendered":"<p>Luomumaidosta valmistettu j\u00e4\u00e4tel\u00f6, jossa maistuu puolukka. Sopii parhaiten kinuskikastikkeen kera suoraan purkista yksin nautittavaksi. Purkissa 500g t\u00e4ytt\u00e4 tavaraa. Valmistusaineet: MAITO (Suomi), puolukka, KERMA (Suomi), sokeri, rasvaton maitojauhe, t\u00e4rkkelyssiirappi, emulgointi- ja stabilointiaineet E471 (johanneksenleip\u00e4puujauhe, guarkumi, karrageeni), vanilja<\/p>\n","protected":false},"featured_media":1100,"comment_status":"open","ping_status":"closed","template":"","meta":{"_acf_changed":false},"product_brand":[],"product_cat":[15],"product_tag":[],"class_list":{"0":"post-1376","1":"product","2":"type-product","3":"status-publish","4":"has-post-thumbnail","6":"product_cat-juustot","8":"first","9":"outofstock","10":"taxable","11":"shipping-taxable","12":"purchasable","13":"product-type-simple"},"acf":[],"_links":{"self":[{"href":"https:\/\/shop.juustola.fi\/maitolaituri\/wp-json\/wp\/v2\/product\/1376","targetHints":{"allow":["GET"]}}],"collection":[{"href":"https:\/\/shop.juustola.fi\/maitolaituri\/wp-json\/wp\/v2\/product"}],"about":[{"href":"https:\/\/shop.juustola.fi\/maitolaituri\/wp-json\/wp\/v2\/types\/product"}],"replies":[{"embeddable":true,"href":"https:\/\/shop.juustola.fi\/maitolaituri\/wp-json\/wp\/v2\/comments?post=1376"}],"wp:featuredmedia":[{"embeddable":true,"href":"https:\/\/shop.juustola.fi\/maitolaituri\/wp-json\/wp\/v2\/media\/1100"}],"wp:attachment":[{"href":"https:\/\/shop.juustola.fi\/maitolaituri\/wp-json\/wp\/v2\/media?parent=1376"}],"wp:term":[{"taxonomy":"product_brand","embeddable":true,"href":"https:\/\/shop.juustola.fi\/maitolaituri\/wp-json\/wp\/v2\/product_brand?post=1376"},{"taxonomy":"product_cat","embeddable":true,"href":"https:\/\/shop.juustola.fi\/maitolaituri\/wp-json\/wp\/v2\/product_cat?post=1376"},{"taxonomy":"product_tag","embeddable":true,"href":"https:\/\/shop.juustola.fi\/maitolaituri\/wp-json\/wp\/v2\/product_tag?post=1376"}],"curies":[{"name":"wp","href":"https:\/\/api.w.org\/{rel}","templated":true}]}}