{"id":273,"date":"2020-06-01T09:45:42","date_gmt":"2020-06-01T06:45:42","guid":{"rendered":"https:\/\/shop.juustola.bitwise.fi\/maitolaituri\/?post_type=product&#038;p=273"},"modified":"2022-05-24T15:47:45","modified_gmt":"2022-05-24T12:47:45","slug":"kermajuusto","status":"publish","type":"product","link":"https:\/\/shop.juustola.fi\/maitolaituri\/tuote\/kermajuusto\/","title":{"rendered":"Kermajuusto 400 g"},"content":{"rendered":"","protected":false},"excerpt":{"rendered":"<p>Heikkil\u00e4n Juustolan t\u00e4ytel\u00e4inen kermajuusto.<\/p>\n<p>Herkullinen kermajuustomme sopii erityisen hyvin juustotarjottimelle, salaatteihin ja leiv\u00e4n kaveriksi.<\/p>\n<p>Pakkauskoko 400 g.<\/p>\n<p><strong>Valmistusaineet:<\/strong><\/p>\n<p>Past\u00f6roitu luomuMAITO, hapate, juoksete, suola n. 1,2%, lysotsyymi (MUNA)<\/p>\n<p><strong>Ravintosis\u00e4lt\u00f6:<\/strong><\/p>\n<p>Energia 1 563 kJ (373 kcal) \/ 100 g<br \/>\nRasvaa 32 g, josta tyydyttynytt\u00e4 21,6 g<br \/>\nHiilihydraattia 0 g, josta sokeria 0 g<br \/>\nProteiinia 22,3 g<br \/>\nSuolaa 1,2 g<\/p>\n","protected":false},"featured_media":493,"comment_status":"open","ping_status":"closed","template":"","meta":{"_acf_changed":false},"product_brand":[],"product_cat":[15],"product_tag":[],"class_list":{"0":"post-273","1":"product","2":"type-product","3":"status-publish","4":"has-post-thumbnail","6":"product_cat-juustot","8":"first","9":"outofstock","10":"taxable","11":"shipping-taxable","12":"purchasable","13":"product-type-simple"},"acf":[],"_links":{"self":[{"href":"https:\/\/shop.juustola.fi\/maitolaituri\/wp-json\/wp\/v2\/product\/273","targetHints":{"allow":["GET"]}}],"collection":[{"href":"https:\/\/shop.juustola.fi\/maitolaituri\/wp-json\/wp\/v2\/product"}],"about":[{"href":"https:\/\/shop.juustola.fi\/maitolaituri\/wp-json\/wp\/v2\/types\/product"}],"replies":[{"embeddable":true,"href":"https:\/\/shop.juustola.fi\/maitolaituri\/wp-json\/wp\/v2\/comments?post=273"}],"wp:featuredmedia":[{"embeddable":true,"href":"https:\/\/shop.juustola.fi\/maitolaituri\/wp-json\/wp\/v2\/media\/493"}],"wp:attachment":[{"href":"https:\/\/shop.juustola.fi\/maitolaituri\/wp-json\/wp\/v2\/media?parent=273"}],"wp:term":[{"taxonomy":"product_brand","embeddable":true,"href":"https:\/\/shop.juustola.fi\/maitolaituri\/wp-json\/wp\/v2\/product_brand?post=273"},{"taxonomy":"product_cat","embeddable":true,"href":"https:\/\/shop.juustola.fi\/maitolaituri\/wp-json\/wp\/v2\/product_cat?post=273"},{"taxonomy":"product_tag","embeddable":true,"href":"https:\/\/shop.juustola.fi\/maitolaituri\/wp-json\/wp\/v2\/product_tag?post=273"}],"curies":[{"name":"wp","href":"https:\/\/api.w.org\/{rel}","templated":true}]}}