{"id":304,"date":"2020-07-03T12:07:09","date_gmt":"2020-07-03T09:07:09","guid":{"rendered":"https:\/\/shop.juustola.fi\/maitolaituri\/?post_type=product&#038;p=304"},"modified":"2022-05-24T15:47:15","modified_gmt":"2022-05-24T12:47:15","slug":"valkoinen-juusto-200g","status":"publish","type":"product","link":"https:\/\/shop.juustola.fi\/maitolaituri\/tuote\/valkoinen-juusto-200g\/","title":{"rendered":"Valkoinen Juusto (salaattijuusto) 200g"},"content":{"rendered":"<p><img loading=\"lazy\" decoding=\"async\" class=\"alignnone size-medium wp-image-311\" src=\"https:\/\/shop.juustola.fi\/maitolaituri\/wp-content\/uploads\/sites\/2\/2020\/07\/Valkoinen_juusto_annospala-300x240.jpg\" alt=\"\" width=\"300\" height=\"240\" srcset=\"https:\/\/shop.juustola.fi\/maitolaituri\/wp-content\/uploads\/sites\/2\/2020\/07\/Valkoinen_juusto_annospala-300x240.jpg 300w, https:\/\/shop.juustola.fi\/maitolaituri\/wp-content\/uploads\/sites\/2\/2020\/07\/Valkoinen_juusto_annospala-1024x818.jpg 1024w, https:\/\/shop.juustola.fi\/maitolaituri\/wp-content\/uploads\/sites\/2\/2020\/07\/Valkoinen_juusto_annospala-768x614.jpg 768w, https:\/\/shop.juustola.fi\/maitolaituri\/wp-content\/uploads\/sites\/2\/2020\/07\/Valkoinen_juusto_annospala-1536x1227.jpg 1536w, https:\/\/shop.juustola.fi\/maitolaituri\/wp-content\/uploads\/sites\/2\/2020\/07\/Valkoinen_juusto_annospala-416x332.jpg 416w, https:\/\/shop.juustola.fi\/maitolaituri\/wp-content\/uploads\/sites\/2\/2020\/07\/Valkoinen_juusto_annospala.jpg 1800w\" sizes=\"auto, (max-width: 300px) 100vw, 300px\" \/><img loading=\"lazy\" decoding=\"async\" class=\"alignnone size-medium wp-image-313\" src=\"https:\/\/shop.juustola.fi\/maitolaituri\/wp-content\/uploads\/sites\/2\/2020\/07\/Valkoinen_juusto_annos-300x242.jpg\" alt=\"\" width=\"300\" height=\"242\" srcset=\"https:\/\/shop.juustola.fi\/maitolaituri\/wp-content\/uploads\/sites\/2\/2020\/07\/Valkoinen_juusto_annos-300x242.jpg 300w, https:\/\/shop.juustola.fi\/maitolaituri\/wp-content\/uploads\/sites\/2\/2020\/07\/Valkoinen_juusto_annos-1024x824.jpg 1024w, https:\/\/shop.juustola.fi\/maitolaituri\/wp-content\/uploads\/sites\/2\/2020\/07\/Valkoinen_juusto_annos-768x618.jpg 768w, https:\/\/shop.juustola.fi\/maitolaituri\/wp-content\/uploads\/sites\/2\/2020\/07\/Valkoinen_juusto_annos-1536x1236.jpg 1536w, https:\/\/shop.juustola.fi\/maitolaituri\/wp-content\/uploads\/sites\/2\/2020\/07\/Valkoinen_juusto_annos-416x335.jpg 416w, https:\/\/shop.juustola.fi\/maitolaituri\/wp-content\/uploads\/sites\/2\/2020\/07\/Valkoinen_juusto_annos.jpg 1800w\" sizes=\"auto, (max-width: 300px) 100vw, 300px\" \/><\/p>\n<p>&nbsp;<\/p>\n","protected":false},"excerpt":{"rendered":"<p>Salaattijuusto eli se juusto, jota kutsutaan \u00e4ff\u00e4ll\u00e4 alkavalla sanalla kreikkalaisittain. Me emme niin tee, koska nimisuoja.<\/p>\n<p>Mukavan suolainen, jopa voimakassuolainen, salaatin lis\u00e4ke. Sopii my\u00f6s viime vuoden hittiruoan Uunifetapastan raaka-aineeksi.<\/p>\n<p>Valmistusaineet:<\/p>\n<p>past\u00f6roitu luomuMAITO (Suomi), suola, hapate, juoksute<\/p>\n<p>Ravintosis\u00e4lt\u00f6 \/100g:<\/p>\n<p>Energiaa 1322kJ (315kcal)<\/p>\n<p>Rasvaa 28g, josta tyydyttynytt\u00e4 17,7<\/p>\n<p>Hiilihydraattia 0g<\/p>\n<p>Proteiinia 24,9g<\/p>\n<p>Suolaa 3,0<\/p>\n","protected":false},"featured_media":491,"comment_status":"open","ping_status":"closed","template":"","meta":{"_acf_changed":false},"product_brand":[],"product_cat":[15],"product_tag":[],"class_list":{"0":"post-304","1":"product","2":"type-product","3":"status-publish","4":"has-post-thumbnail","6":"product_cat-juustot","8":"first","9":"outofstock","10":"taxable","11":"shipping-taxable","12":"purchasable","13":"product-type-simple"},"acf":[],"_links":{"self":[{"href":"https:\/\/shop.juustola.fi\/maitolaituri\/wp-json\/wp\/v2\/product\/304","targetHints":{"allow":["GET"]}}],"collection":[{"href":"https:\/\/shop.juustola.fi\/maitolaituri\/wp-json\/wp\/v2\/product"}],"about":[{"href":"https:\/\/shop.juustola.fi\/maitolaituri\/wp-json\/wp\/v2\/types\/product"}],"replies":[{"embeddable":true,"href":"https:\/\/shop.juustola.fi\/maitolaituri\/wp-json\/wp\/v2\/comments?post=304"}],"wp:featuredmedia":[{"embeddable":true,"href":"https:\/\/shop.juustola.fi\/maitolaituri\/wp-json\/wp\/v2\/media\/491"}],"wp:attachment":[{"href":"https:\/\/shop.juustola.fi\/maitolaituri\/wp-json\/wp\/v2\/media?parent=304"}],"wp:term":[{"taxonomy":"product_brand","embeddable":true,"href":"https:\/\/shop.juustola.fi\/maitolaituri\/wp-json\/wp\/v2\/product_brand?post=304"},{"taxonomy":"product_cat","embeddable":true,"href":"https:\/\/shop.juustola.fi\/maitolaituri\/wp-json\/wp\/v2\/product_cat?post=304"},{"taxonomy":"product_tag","embeddable":true,"href":"https:\/\/shop.juustola.fi\/maitolaituri\/wp-json\/wp\/v2\/product_tag?post=304"}],"curies":[{"name":"wp","href":"https:\/\/api.w.org\/{rel}","templated":true}]}}