{"id":307,"date":"2020-07-03T12:12:09","date_gmt":"2020-07-03T09:12:09","guid":{"rendered":"https:\/\/shop.juustola.fi\/maitolaituri\/?post_type=product&#038;p=307"},"modified":"2022-05-05T08:41:00","modified_gmt":"2022-05-05T05:41:00","slug":"luomuvalkosipulilevite-190g","status":"publish","type":"product","link":"https:\/\/shop.juustola.fi\/maitolaituri\/tuote\/luomuvalkosipulilevite-190g\/","title":{"rendered":"Luomuvalkosipulilevite, 190g"},"content":{"rendered":"<p>Luomuvalkosipulilevite luomuaineksista. Sopii leiv\u00e4n, lihan tai kalan p\u00e4\u00e4lle ja on erinomaista my\u00f6s salaatin kanssa.<\/p>\n<p>Valmistusaineet:<\/p>\n<p>past\u00f6roitu luomuMAITO (Suomi), hapate, suola n. 1%, luomuvalkosipulijauhe (0,45%)<\/p>\n<p>&nbsp;<\/p>\n","protected":false},"excerpt":{"rendered":"<p>Luomuvalkosipulilevite luomuaineksista. Sopii leiv\u00e4n, lihan tai kalan p\u00e4\u00e4lle ja on erinomaista my\u00f6s salaatin kanssa. Valmistusaineet: past\u00f6roitu luomuMAITO (Suomi), hapate, suola n. 1%, luomuvalkosipulijauhe (0,45%) &nbsp;<\/p>\n","protected":false},"featured_media":489,"comment_status":"open","ping_status":"closed","template":"","meta":{"_acf_changed":false},"product_brand":[],"product_cat":[45],"product_tag":[],"class_list":{"0":"post-307","1":"product","2":"type-product","3":"status-publish","4":"has-post-thumbnail","6":"product_cat-muut-maitotuotteet","8":"first","9":"outofstock","10":"taxable","11":"shipping-taxable","12":"purchasable","13":"product-type-simple"},"acf":[],"_links":{"self":[{"href":"https:\/\/shop.juustola.fi\/maitolaituri\/wp-json\/wp\/v2\/product\/307","targetHints":{"allow":["GET"]}}],"collection":[{"href":"https:\/\/shop.juustola.fi\/maitolaituri\/wp-json\/wp\/v2\/product"}],"about":[{"href":"https:\/\/shop.juustola.fi\/maitolaituri\/wp-json\/wp\/v2\/types\/product"}],"replies":[{"embeddable":true,"href":"https:\/\/shop.juustola.fi\/maitolaituri\/wp-json\/wp\/v2\/comments?post=307"}],"wp:featuredmedia":[{"embeddable":true,"href":"https:\/\/shop.juustola.fi\/maitolaituri\/wp-json\/wp\/v2\/media\/489"}],"wp:attachment":[{"href":"https:\/\/shop.juustola.fi\/maitolaituri\/wp-json\/wp\/v2\/media?parent=307"}],"wp:term":[{"taxonomy":"product_brand","embeddable":true,"href":"https:\/\/shop.juustola.fi\/maitolaituri\/wp-json\/wp\/v2\/product_brand?post=307"},{"taxonomy":"product_cat","embeddable":true,"href":"https:\/\/shop.juustola.fi\/maitolaituri\/wp-json\/wp\/v2\/product_cat?post=307"},{"taxonomy":"product_tag","embeddable":true,"href":"https:\/\/shop.juustola.fi\/maitolaituri\/wp-json\/wp\/v2\/product_tag?post=307"}],"curies":[{"name":"wp","href":"https:\/\/api.w.org\/{rel}","templated":true}]}}