{"id":335,"date":"2020-07-09T19:22:53","date_gmt":"2020-07-09T16:22:53","guid":{"rendered":"https:\/\/shop.juustola.fi\/maitolaituri\/?post_type=product&#038;p=335"},"modified":"2022-04-10T00:26:42","modified_gmt":"2022-04-09T21:26:42","slug":"luomuvoi-400g","status":"publish","type":"product","link":"https:\/\/shop.juustola.fi\/maitolaituri\/tuote\/luomuvoi-400g\/","title":{"rendered":"Luomuvoi 400g"},"content":{"rendered":"<p>Luomuvoi, kullankeltainen kirnuamalla valmistetty hapatettu voi. Erinomainen ruoanlaitossa, leiv\u00e4n p\u00e4\u00e4ll\u00e4, uusien perunoiden kyljess\u00e4. Oikeastaan kaikkialla.<\/p>\n<p>Ravintosis\u00e4lt\u00f6 \/100g:<\/p>\n<p>Energiaa 3042kJ (727kcal)<\/p>\n<p>Rasva 81g<\/p>\n<p>Hiilihydraatteja 0,8<\/p>\n<p>Proteiinia 1,2g<\/p>\n<p>Voimakassuolainen<\/p>\n<p>&nbsp;<\/p>\n","protected":false},"excerpt":{"rendered":"<p><img loading=\"lazy\" decoding=\"async\" class=\"alignnone size-medium wp-image-336\" src=\"https:\/\/shop.juustola.fi\/maitolaituri\/wp-content\/uploads\/sites\/2\/2020\/07\/voikuva-300x200.jpg\" alt=\"\" width=\"300\" height=\"200\" srcset=\"https:\/\/shop.juustola.fi\/maitolaituri\/wp-content\/uploads\/sites\/2\/2020\/07\/voikuva-300x200.jpg 300w, https:\/\/shop.juustola.fi\/maitolaituri\/wp-content\/uploads\/sites\/2\/2020\/07\/voikuva-1024x683.jpg 1024w, https:\/\/shop.juustola.fi\/maitolaituri\/wp-content\/uploads\/sites\/2\/2020\/07\/voikuva-768x512.jpg 768w, https:\/\/shop.juustola.fi\/maitolaituri\/wp-content\/uploads\/sites\/2\/2020\/07\/voikuva-1536x1024.jpg 1536w, https:\/\/shop.juustola.fi\/maitolaituri\/wp-content\/uploads\/sites\/2\/2020\/07\/voikuva-2048x1366.jpg 2048w, https:\/\/shop.juustola.fi\/maitolaituri\/wp-content\/uploads\/sites\/2\/2020\/07\/voikuva-416x277.jpg 416w\" sizes=\"auto, (max-width: 300px) 100vw, 300px\" \/><\/p>\n","protected":false},"featured_media":488,"comment_status":"open","ping_status":"closed","template":"","meta":{"_acf_changed":false},"product_brand":[],"product_cat":[45],"product_tag":[],"class_list":{"0":"post-335","1":"product","2":"type-product","3":"status-publish","4":"has-post-thumbnail","6":"product_cat-muut-maitotuotteet","8":"first","9":"outofstock","10":"taxable","11":"shipping-taxable","12":"purchasable","13":"product-type-simple"},"acf":[],"_links":{"self":[{"href":"https:\/\/shop.juustola.fi\/maitolaituri\/wp-json\/wp\/v2\/product\/335","targetHints":{"allow":["GET"]}}],"collection":[{"href":"https:\/\/shop.juustola.fi\/maitolaituri\/wp-json\/wp\/v2\/product"}],"about":[{"href":"https:\/\/shop.juustola.fi\/maitolaituri\/wp-json\/wp\/v2\/types\/product"}],"replies":[{"embeddable":true,"href":"https:\/\/shop.juustola.fi\/maitolaituri\/wp-json\/wp\/v2\/comments?post=335"}],"wp:featuredmedia":[{"embeddable":true,"href":"https:\/\/shop.juustola.fi\/maitolaituri\/wp-json\/wp\/v2\/media\/488"}],"wp:attachment":[{"href":"https:\/\/shop.juustola.fi\/maitolaituri\/wp-json\/wp\/v2\/media?parent=335"}],"wp:term":[{"taxonomy":"product_brand","embeddable":true,"href":"https:\/\/shop.juustola.fi\/maitolaituri\/wp-json\/wp\/v2\/product_brand?post=335"},{"taxonomy":"product_cat","embeddable":true,"href":"https:\/\/shop.juustola.fi\/maitolaituri\/wp-json\/wp\/v2\/product_cat?post=335"},{"taxonomy":"product_tag","embeddable":true,"href":"https:\/\/shop.juustola.fi\/maitolaituri\/wp-json\/wp\/v2\/product_tag?post=335"}],"curies":[{"name":"wp","href":"https:\/\/api.w.org\/{rel}","templated":true}]}}