{"id":81,"date":"2020-04-14T16:36:32","date_gmt":"2020-04-14T13:36:32","guid":{"rendered":"https:\/\/juustola-shop.bitwise.fi\/maitolaituri\/?post_type=product&#038;p=81"},"modified":"2022-05-24T15:48:32","modified_gmt":"2022-05-24T12:48:32","slug":"nuoriherra-250-g","status":"publish","type":"product","link":"https:\/\/shop.juustola.fi\/maitolaituri\/tuote\/nuoriherra-250-g\/","title":{"rendered":"NuoriHerra 250 g"},"content":{"rendered":"","protected":false},"excerpt":{"rendered":"<p>Heikkil\u00e4n NuoriHerra on yll\u00e4tt\u00e4v\u00e4n voimakas, mutta silti lempe\u00e4n makuinen juusto. Juustomestarimme on kypsytellyt kittipintaista NuortaHerraa kellarissa kaksi kuukautta, jolloin sen suutuntuma on kehittynyt samettiseksi ja v\u00e4ri kullankeltaiseksi.<\/p>\n<p>NuoriHerra sopii herkuteltavaksi sellaisenaan tai osaksi runsasta juustotarjotinta. Suosittelemme NuoriHerran seuraksi esimerkiksi kotimaista mustaherukkahilloa. Juusto kannattaa ottaa huoneenl\u00e4mp\u00f6\u00f6n noin tunti ennen tarjoilua, ett\u00e4 sen aromit ovat parhaimmillaan.<\/p>\n<p>NuoriHerra on pakattu 250 g lohkona.<\/p>\n<p><strong>Valmistusaineet: <\/strong><\/p>\n<p>past\u00f6roitu luomuMAITO (Suomi), suola, hapate, juoksute, Lysotsyymi (MUNA)<\/p>\n<p><strong>Ravintosis\u00e4lt\u00f6:<\/strong><\/p>\n<p>Energia 1 525 kJ (364kcal) \/ 100 g<br \/>\nRasvaa 28,4 g, josta tyydyttynytt\u00e4 17,7 g<br \/>\nHiilihydraattia 0 g<br \/>\nProteiinia 27,9 g<br \/>\nSuolaa 1,2 g<\/p>\n","protected":false},"featured_media":506,"comment_status":"open","ping_status":"closed","template":"","meta":{"_acf_changed":false},"product_brand":[],"product_cat":[15],"product_tag":[],"class_list":{"0":"post-81","1":"product","2":"type-product","3":"status-publish","4":"has-post-thumbnail","6":"product_cat-juustot","8":"first","9":"outofstock","10":"taxable","11":"shipping-taxable","12":"purchasable","13":"product-type-simple"},"acf":[],"_links":{"self":[{"href":"https:\/\/shop.juustola.fi\/maitolaituri\/wp-json\/wp\/v2\/product\/81","targetHints":{"allow":["GET"]}}],"collection":[{"href":"https:\/\/shop.juustola.fi\/maitolaituri\/wp-json\/wp\/v2\/product"}],"about":[{"href":"https:\/\/shop.juustola.fi\/maitolaituri\/wp-json\/wp\/v2\/types\/product"}],"replies":[{"embeddable":true,"href":"https:\/\/shop.juustola.fi\/maitolaituri\/wp-json\/wp\/v2\/comments?post=81"}],"wp:featuredmedia":[{"embeddable":true,"href":"https:\/\/shop.juustola.fi\/maitolaituri\/wp-json\/wp\/v2\/media\/506"}],"wp:attachment":[{"href":"https:\/\/shop.juustola.fi\/maitolaituri\/wp-json\/wp\/v2\/media?parent=81"}],"wp:term":[{"taxonomy":"product_brand","embeddable":true,"href":"https:\/\/shop.juustola.fi\/maitolaituri\/wp-json\/wp\/v2\/product_brand?post=81"},{"taxonomy":"product_cat","embeddable":true,"href":"https:\/\/shop.juustola.fi\/maitolaituri\/wp-json\/wp\/v2\/product_cat?post=81"},{"taxonomy":"product_tag","embeddable":true,"href":"https:\/\/shop.juustola.fi\/maitolaituri\/wp-json\/wp\/v2\/product_tag?post=81"}],"curies":[{"name":"wp","href":"https:\/\/api.w.org\/{rel}","templated":true}]}}