{"id":87,"date":"2020-04-14T16:40:29","date_gmt":"2020-04-14T13:40:29","guid":{"rendered":"https:\/\/juustola-shop.bitwise.fi\/maitolaituri\/?post_type=product&#038;p=87"},"modified":"2022-05-24T15:47:46","modified_gmt":"2022-05-24T12:47:46","slug":"luomutaysmaito-15-l","status":"publish","type":"product","link":"https:\/\/shop.juustola.fi\/maitolaituri\/tuote\/luomutaysmaito-15-l\/","title":{"rendered":"Luomut\u00e4ysmaito 1,5 l"},"content":{"rendered":"","protected":false},"excerpt":{"rendered":"<p>Homogenoimaton past\u00f6roitu luomut\u00e4ysmaito 1,5 litran hanapakkauksessa.<\/p>\n<p>Luomut\u00e4ysmaitomme on Heikkil\u00e4n Juustolan ylpeys. Maitomme maistuu sille, milt\u00e4 oikean maidon kuuluu maistua. Baristojen suunnalta on kuulunut viesti\u00e4, ett\u00e4 luomut\u00e4ysmaitomme on mit\u00e4 parhainta seuraa laadukkaimmillekin kahveille.<\/p>\n<p>Maidon alkuper\u00e4: Liukkalan Luomutila, Lammi.<\/p>\n<p><strong>Valmistusaineet: <\/strong><\/p>\n<p>Past\u00f6roitu luomuMAITO (Suomi)<\/p>\n<p><strong>Ravintosis\u00e4lt\u00f6:<\/strong><\/p>\n<p>Energia 296 kJ (71 kcal) \/ 100 g<br \/>\nRasvaa 4,4 g<br \/>\nHiilihydraattia 4,8 g, josta sokeria 4,8 g<br \/>\nProteiinia 3,0 g<\/p>\n","protected":false},"featured_media":495,"comment_status":"open","ping_status":"closed","template":"","meta":{"_acf_changed":false},"product_brand":[],"product_cat":[32],"product_tag":[],"class_list":{"0":"post-87","1":"product","2":"type-product","3":"status-publish","4":"has-post-thumbnail","6":"product_cat-luomumaito","8":"first","9":"outofstock","10":"taxable","11":"shipping-taxable","12":"purchasable","13":"product-type-simple"},"acf":[],"_links":{"self":[{"href":"https:\/\/shop.juustola.fi\/maitolaituri\/wp-json\/wp\/v2\/product\/87","targetHints":{"allow":["GET"]}}],"collection":[{"href":"https:\/\/shop.juustola.fi\/maitolaituri\/wp-json\/wp\/v2\/product"}],"about":[{"href":"https:\/\/shop.juustola.fi\/maitolaituri\/wp-json\/wp\/v2\/types\/product"}],"replies":[{"embeddable":true,"href":"https:\/\/shop.juustola.fi\/maitolaituri\/wp-json\/wp\/v2\/comments?post=87"}],"wp:featuredmedia":[{"embeddable":true,"href":"https:\/\/shop.juustola.fi\/maitolaituri\/wp-json\/wp\/v2\/media\/495"}],"wp:attachment":[{"href":"https:\/\/shop.juustola.fi\/maitolaituri\/wp-json\/wp\/v2\/media?parent=87"}],"wp:term":[{"taxonomy":"product_brand","embeddable":true,"href":"https:\/\/shop.juustola.fi\/maitolaituri\/wp-json\/wp\/v2\/product_brand?post=87"},{"taxonomy":"product_cat","embeddable":true,"href":"https:\/\/shop.juustola.fi\/maitolaituri\/wp-json\/wp\/v2\/product_cat?post=87"},{"taxonomy":"product_tag","embeddable":true,"href":"https:\/\/shop.juustola.fi\/maitolaituri\/wp-json\/wp\/v2\/product_tag?post=87"}],"curies":[{"name":"wp","href":"https:\/\/api.w.org\/{rel}","templated":true}]}}