{"id":109,"date":"2020-04-20T09:56:05","date_gmt":"2020-04-20T06:56:05","guid":{"rendered":"https:\/\/juustola-shop.bitwise.fi\/?page_id=109"},"modified":"2021-03-06T17:52:17","modified_gmt":"2021-03-06T15:52:17","slug":"sijainti","status":"publish","type":"page","link":"https:\/\/shop.juustola.fi\/tilamyymala\/sijainti\/","title":{"rendered":"Sijainti"},"content":{"rendered":"\r\n<h2 class=\"wp-block-heading\">Heikkil\u00e4n Juustola<\/h2>\r\n\r\n\r\n\r\n<p>K\u00f6\u00f6kinm\u00e4entie 1<br \/>36660 Laitikkala<\/p>\r\n","protected":false},"excerpt":{"rendered":"<p>Heikkil\u00e4n Juustola K\u00f6\u00f6kinm\u00e4entie 136660 Laitikkala<\/p>\n","protected":false},"author":1,"featured_media":0,"parent":0,"menu_order":0,"comment_status":"closed","ping_status":"closed","template":"page-location.php","meta":{"_acf_changed":false,"footnotes":""},"class_list":["post-109","page","type-page","status-publish","hentry"],"acf":{"store_move_date":"","store_variable":"juustola"},"_links":{"self":[{"href":"https:\/\/shop.juustola.fi\/tilamyymala\/wp-json\/wp\/v2\/pages\/109","targetHints":{"allow":["GET"]}}],"collection":[{"href":"https:\/\/shop.juustola.fi\/tilamyymala\/wp-json\/wp\/v2\/pages"}],"about":[{"href":"https:\/\/shop.juustola.fi\/tilamyymala\/wp-json\/wp\/v2\/types\/page"}],"author":[{"embeddable":true,"href":"https:\/\/shop.juustola.fi\/tilamyymala\/wp-json\/wp\/v2\/users\/1"}],"replies":[{"embeddable":true,"href":"https:\/\/shop.juustola.fi\/tilamyymala\/wp-json\/wp\/v2\/comments?post=109"}],"version-history":[{"count":7,"href":"https:\/\/shop.juustola.fi\/tilamyymala\/wp-json\/wp\/v2\/pages\/109\/revisions"}],"predecessor-version":[{"id":273,"href":"https:\/\/shop.juustola.fi\/tilamyymala\/wp-json\/wp\/v2\/pages\/109\/revisions\/273"}],"wp:attachment":[{"href":"https:\/\/shop.juustola.fi\/tilamyymala\/wp-json\/wp\/v2\/media?parent=109"}],"curies":[{"name":"wp","href":"https:\/\/api.w.org\/{rel}","templated":true}]}}