{"id":287,"date":"2021-03-11T16:57:20","date_gmt":"2021-03-11T14:57:20","guid":{"rendered":"https:\/\/shop.juustola.fi\/tilamyymala\/?post_type=product&#038;p=287"},"modified":"2026-04-22T19:12:55","modified_gmt":"2026-04-22T16:12:55","slug":"suklaajaatelo","status":"publish","type":"product","link":"https:\/\/shop.juustola.fi\/tilamyymala\/tuote\/suklaajaatelo\/","title":{"rendered":"Suklaaj\u00e4\u00e4tel\u00f6"},"content":{"rendered":"<p>T\u00e4ytel\u00e4inen, herkullinen ja suklainen&#8230;<\/p>\n<p>Luomumaidosta valmistettu suklaaj\u00e4\u00e4tel\u00f6, jossa maistuu aidon vaniljan lis\u00e4ksi suomalainen suklaa. Sopii parhaiten suoraan purkista yksin nautittavaksi.<\/p>\n<p>Purkissa 550ml t\u00e4ytt\u00e4 tavaraa.<\/p>\n<p>Valmistusaineet: luomuMAITO (Suomi), luomuKERMA (Suomi), sokeri, rasvaton maitojauhe, t\u00e4rkkelyssiirappi, emulgointi- ja stabilointiaineet E471 (johanneksenleip\u00e4puujauhe, guarkumi, karrageeni), kaakao, suklaa (Maito (Suomi), kaakao, kaakaovoi, kaakaomassa, suola, luontainen vanilja-aromi), vanilja<\/p>\n<p><strong>SAATTAA SIS\u00c4LT\u00c4\u00c4 P\u00c4HKIN\u00c4\u00c4, MANTELIA JA VEHN\u00c4\u00c4<\/strong><\/p>\n","protected":false},"excerpt":{"rendered":"<p>T\u00e4ytel\u00e4inen, herkullinen ja suklainen&#8230; Luomumaidosta valmistettu suklaaj\u00e4\u00e4tel\u00f6, jossa maistuu aidon vaniljan lis\u00e4ksi suomalainen suklaa. Sopii parhaiten suoraan purkista yksin nautittavaksi. Purkissa 550ml t\u00e4ytt\u00e4 tavaraa. Valmistusaineet: luomuMAITO (Suomi), luomuKERMA (Suomi), sokeri, rasvaton maitojauhe, t\u00e4rkkelyssiirappi, emulgointi- ja stabilointiaineet E471 (johanneksenleip\u00e4puujauhe, guarkumi, karrageeni), kaakao, suklaa (Maito (Suomi), kaakao, kaakaovoi, kaakaomassa, suola, luontainen vanilja-aromi), vanilja SAATTAA SIS\u00c4LT\u00c4\u00c4 P\u00c4HKIN\u00c4\u00c4, MANTELIA [&hellip;]<\/p>\n","protected":false},"featured_media":648,"comment_status":"open","ping_status":"closed","template":"","meta":{"_acf_changed":false},"product_brand":[],"product_cat":[15],"product_tag":[],"class_list":{"0":"post-287","1":"product","2":"type-product","3":"status-publish","4":"has-post-thumbnail","6":"product_cat-juustot","8":"first","9":"instock","10":"taxable","11":"shipping-taxable","12":"purchasable","13":"product-type-simple"},"acf":[],"_links":{"self":[{"href":"https:\/\/shop.juustola.fi\/tilamyymala\/wp-json\/wp\/v2\/product\/287","targetHints":{"allow":["GET"]}}],"collection":[{"href":"https:\/\/shop.juustola.fi\/tilamyymala\/wp-json\/wp\/v2\/product"}],"about":[{"href":"https:\/\/shop.juustola.fi\/tilamyymala\/wp-json\/wp\/v2\/types\/product"}],"replies":[{"embeddable":true,"href":"https:\/\/shop.juustola.fi\/tilamyymala\/wp-json\/wp\/v2\/comments?post=287"}],"wp:featuredmedia":[{"embeddable":true,"href":"https:\/\/shop.juustola.fi\/tilamyymala\/wp-json\/wp\/v2\/media\/648"}],"wp:attachment":[{"href":"https:\/\/shop.juustola.fi\/tilamyymala\/wp-json\/wp\/v2\/media?parent=287"}],"wp:term":[{"taxonomy":"product_brand","embeddable":true,"href":"https:\/\/shop.juustola.fi\/tilamyymala\/wp-json\/wp\/v2\/product_brand?post=287"},{"taxonomy":"product_cat","embeddable":true,"href":"https:\/\/shop.juustola.fi\/tilamyymala\/wp-json\/wp\/v2\/product_cat?post=287"},{"taxonomy":"product_tag","embeddable":true,"href":"https:\/\/shop.juustola.fi\/tilamyymala\/wp-json\/wp\/v2\/product_tag?post=287"}],"curies":[{"name":"wp","href":"https:\/\/api.w.org\/{rel}","templated":true}]}}