{"id":365,"date":"2021-03-17T21:35:52","date_gmt":"2021-03-17T19:35:52","guid":{"rendered":"https:\/\/shop.juustola.fi\/tilamyymala\/?post_type=product&#038;p=365"},"modified":"2025-11-27T15:37:43","modified_gmt":"2025-11-27T13:37:43","slug":"mansikkajaatelo","status":"publish","type":"product","link":"https:\/\/shop.juustola.fi\/tilamyymala\/tuote\/mansikkajaatelo\/","title":{"rendered":"Mansikkaj\u00e4\u00e4tel\u00f6"},"content":{"rendered":"<p>Luomumaidosta valmistettu j\u00e4\u00e4tel\u00f6, jossa maistuu mansikka naapuristamme <a href=\"http:\/\/suttinen.fi\" target=\"_blank\" rel=\"noopener\">Suttisen tilalta<\/a> ja aito vanilja. Sopii parhaiten suoraan purkista yksin nautittavaksi.<\/p>\n<p>Purkissa 500ml t\u00e4ytt\u00e4 tavaraa.<\/p>\n<p>Valmistusaineet:<\/p>\n<p>luomuMAITO (Suomi), luomuKERMA (Suomi), mansikka (Suomi), sokeri, rasvaton maitojauhe, t\u00e4rkkelyssiirappi, emulgointi- ja stabilointiaineet E471 (johanneksenleip\u00e4puujauhe, guarkumi, karrageeni), vanilja<\/p>\n","protected":false},"excerpt":{"rendered":"<p>Luomumaidosta valmistettu j\u00e4\u00e4tel\u00f6, jossa maistuu mansikka naapuristamme Suttisen tilalta ja aito vanilja. Sopii parhaiten suoraan purkista yksin nautittavaksi. Purkissa 500ml t\u00e4ytt\u00e4 tavaraa. Valmistusaineet: luomuMAITO (Suomi), luomuKERMA (Suomi), mansikka (Suomi), sokeri, rasvaton maitojauhe, t\u00e4rkkelyssiirappi, emulgointi- ja stabilointiaineet E471 (johanneksenleip\u00e4puujauhe, guarkumi, karrageeni), vanilja<\/p>\n","protected":false},"featured_media":651,"comment_status":"open","ping_status":"closed","template":"","meta":{"_acf_changed":false},"product_brand":[],"product_cat":[15],"product_tag":[],"class_list":{"0":"post-365","1":"product","2":"type-product","3":"status-publish","4":"has-post-thumbnail","6":"product_cat-juustot","8":"first","9":"outofstock","10":"taxable","11":"shipping-taxable","12":"purchasable","13":"product-type-simple"},"acf":[],"_links":{"self":[{"href":"https:\/\/shop.juustola.fi\/tilamyymala\/wp-json\/wp\/v2\/product\/365","targetHints":{"allow":["GET"]}}],"collection":[{"href":"https:\/\/shop.juustola.fi\/tilamyymala\/wp-json\/wp\/v2\/product"}],"about":[{"href":"https:\/\/shop.juustola.fi\/tilamyymala\/wp-json\/wp\/v2\/types\/product"}],"replies":[{"embeddable":true,"href":"https:\/\/shop.juustola.fi\/tilamyymala\/wp-json\/wp\/v2\/comments?post=365"}],"wp:featuredmedia":[{"embeddable":true,"href":"https:\/\/shop.juustola.fi\/tilamyymala\/wp-json\/wp\/v2\/media\/651"}],"wp:attachment":[{"href":"https:\/\/shop.juustola.fi\/tilamyymala\/wp-json\/wp\/v2\/media?parent=365"}],"wp:term":[{"taxonomy":"product_brand","embeddable":true,"href":"https:\/\/shop.juustola.fi\/tilamyymala\/wp-json\/wp\/v2\/product_brand?post=365"},{"taxonomy":"product_cat","embeddable":true,"href":"https:\/\/shop.juustola.fi\/tilamyymala\/wp-json\/wp\/v2\/product_cat?post=365"},{"taxonomy":"product_tag","embeddable":true,"href":"https:\/\/shop.juustola.fi\/tilamyymala\/wp-json\/wp\/v2\/product_tag?post=365"}],"curies":[{"name":"wp","href":"https:\/\/api.w.org\/{rel}","templated":true}]}}