{"id":384,"date":"2021-03-18T21:32:13","date_gmt":"2021-03-18T19:32:13","guid":{"rendered":"https:\/\/shop.juustola.fi\/tilamyymala\/?post_type=product&#038;p=384"},"modified":"2026-01-18T12:53:19","modified_gmt":"2026-01-18T10:53:19","slug":"kermajuusto-400g","status":"publish","type":"product","link":"https:\/\/shop.juustola.fi\/tilamyymala\/tuote\/kermajuusto-400g\/","title":{"rendered":"Kermajuusto, 400g"},"content":{"rendered":"","protected":false},"excerpt":{"rendered":"<p>Heikkil\u00e4n Juustolan t\u00e4ytel\u00e4inen kermajuusto.<\/p>\n<p>Herkullinen kermajuustomme sopii erityisen hyvin juustotarjottimelle, salaatteihin ja leiv\u00e4n kaveriksi.<\/p>\n<p>Pakkauskoko 400 g.<\/p>\n<p><strong>Valmistusaineet:<\/strong><\/p>\n<p>Past\u00f6roitu luomuMAITO, hapate, juoksete, suola n. 1,2%, lysotsyymi (MUNA)<\/p>\n<p><strong>Ravintosis\u00e4lt\u00f6:<\/strong><\/p>\n<p>Energia 1 563 kJ (373 kcal) \/ 100 g<br \/>\nRasvaa 32 g, josta tyydyttynytt\u00e4 21,6 g<br \/>\nHiilihydraattia 0 g, josta sokeria 0 g<br \/>\nProteiinia 22,3 g<br \/>\nSuolaa 1,2 g<\/p>\n","protected":false},"featured_media":312,"comment_status":"open","ping_status":"closed","template":"","meta":{"_acf_changed":false},"product_brand":[],"product_cat":[15],"product_tag":[],"class_list":{"0":"post-384","1":"product","2":"type-product","3":"status-publish","4":"has-post-thumbnail","6":"product_cat-juustot","8":"first","9":"instock","10":"taxable","11":"shipping-taxable","12":"purchasable","13":"product-type-simple"},"acf":[],"_links":{"self":[{"href":"https:\/\/shop.juustola.fi\/tilamyymala\/wp-json\/wp\/v2\/product\/384","targetHints":{"allow":["GET"]}}],"collection":[{"href":"https:\/\/shop.juustola.fi\/tilamyymala\/wp-json\/wp\/v2\/product"}],"about":[{"href":"https:\/\/shop.juustola.fi\/tilamyymala\/wp-json\/wp\/v2\/types\/product"}],"replies":[{"embeddable":true,"href":"https:\/\/shop.juustola.fi\/tilamyymala\/wp-json\/wp\/v2\/comments?post=384"}],"wp:featuredmedia":[{"embeddable":true,"href":"https:\/\/shop.juustola.fi\/tilamyymala\/wp-json\/wp\/v2\/media\/312"}],"wp:attachment":[{"href":"https:\/\/shop.juustola.fi\/tilamyymala\/wp-json\/wp\/v2\/media?parent=384"}],"wp:term":[{"taxonomy":"product_brand","embeddable":true,"href":"https:\/\/shop.juustola.fi\/tilamyymala\/wp-json\/wp\/v2\/product_brand?post=384"},{"taxonomy":"product_cat","embeddable":true,"href":"https:\/\/shop.juustola.fi\/tilamyymala\/wp-json\/wp\/v2\/product_cat?post=384"},{"taxonomy":"product_tag","embeddable":true,"href":"https:\/\/shop.juustola.fi\/tilamyymala\/wp-json\/wp\/v2\/product_tag?post=384"}],"curies":[{"name":"wp","href":"https:\/\/api.w.org\/{rel}","templated":true}]}}