{"id":450,"date":"2021-05-10T15:04:44","date_gmt":"2021-05-10T12:04:44","guid":{"rendered":"https:\/\/shop.juustola.fi\/tilamyymala\/?post_type=product&#038;p=450"},"modified":"2025-09-30T15:47:23","modified_gmt":"2025-09-30T12:47:23","slug":"luomuvoi-400g","status":"publish","type":"product","link":"https:\/\/shop.juustola.fi\/tilamyymala\/tuote\/luomuvoi-400g\/","title":{"rendered":"Luomuvoi, 400g"},"content":{"rendered":"<p>Luomuvoi, kullankeltainen kirnuamalla valmistetty hapatettu voi. Erinomainen ruoanlaitossa, leiv\u00e4n p\u00e4\u00e4ll\u00e4, uusien perunoiden kyljess\u00e4. Oikeastaan kaikkialla.<\/p>\n<p>Ravintosis\u00e4lt\u00f6 \/100g:<\/p>\n<p>Energiaa 3042kJ (727kcal)<\/p>\n<p>Rasva 81g<\/p>\n<p>Hiilihydraatteja 0,8<\/p>\n<p>Proteiinia 1,2g<\/p>\n<p>Voimakassuolainen<\/p>\n<p>&nbsp;<\/p>\n","protected":false},"excerpt":{"rendered":"<p>Luomuvoi, kullankeltainen kirnuamalla valmistetty hapatettu voi. Erinomainen ruoanlaitossa, leiv\u00e4n p\u00e4\u00e4ll\u00e4, uusien perunoiden kyljess\u00e4. Oikeastaan kaikkialla. Ravintosis\u00e4lt\u00f6 \/100g: Energiaa 3042kJ (727kcal) Rasva 81g Hiilihydraatteja 0,8 Proteiinia 1,2g Voimakassuolainen &nbsp;<\/p>\n","protected":false},"featured_media":324,"comment_status":"open","ping_status":"closed","template":"","meta":{"_acf_changed":false},"product_brand":[],"product_cat":[15],"product_tag":[],"class_list":{"0":"post-450","1":"product","2":"type-product","3":"status-publish","4":"has-post-thumbnail","6":"product_cat-juustot","8":"first","9":"outofstock","10":"taxable","11":"shipping-taxable","12":"purchasable","13":"product-type-simple"},"acf":[],"_links":{"self":[{"href":"https:\/\/shop.juustola.fi\/tilamyymala\/wp-json\/wp\/v2\/product\/450","targetHints":{"allow":["GET"]}}],"collection":[{"href":"https:\/\/shop.juustola.fi\/tilamyymala\/wp-json\/wp\/v2\/product"}],"about":[{"href":"https:\/\/shop.juustola.fi\/tilamyymala\/wp-json\/wp\/v2\/types\/product"}],"replies":[{"embeddable":true,"href":"https:\/\/shop.juustola.fi\/tilamyymala\/wp-json\/wp\/v2\/comments?post=450"}],"wp:featuredmedia":[{"embeddable":true,"href":"https:\/\/shop.juustola.fi\/tilamyymala\/wp-json\/wp\/v2\/media\/324"}],"wp:attachment":[{"href":"https:\/\/shop.juustola.fi\/tilamyymala\/wp-json\/wp\/v2\/media?parent=450"}],"wp:term":[{"taxonomy":"product_brand","embeddable":true,"href":"https:\/\/shop.juustola.fi\/tilamyymala\/wp-json\/wp\/v2\/product_brand?post=450"},{"taxonomy":"product_cat","embeddable":true,"href":"https:\/\/shop.juustola.fi\/tilamyymala\/wp-json\/wp\/v2\/product_cat?post=450"},{"taxonomy":"product_tag","embeddable":true,"href":"https:\/\/shop.juustola.fi\/tilamyymala\/wp-json\/wp\/v2\/product_tag?post=450"}],"curies":[{"name":"wp","href":"https:\/\/api.w.org\/{rel}","templated":true}]}}