{"id":554,"date":"2021-10-31T17:22:49","date_gmt":"2021-10-31T15:22:49","guid":{"rendered":"https:\/\/shop.juustola.fi\/tilamyymala\/?post_type=product&#038;p=554"},"modified":"2024-04-12T14:59:34","modified_gmt":"2024-04-12T11:59:34","slug":"minttujaatelo-huom-koko-45-litraa","status":"publish","type":"product","link":"https:\/\/shop.juustola.fi\/tilamyymala\/tuote\/minttujaatelo-huom-koko-45-litraa\/","title":{"rendered":"Minttuj\u00e4\u00e4tel\u00f6, HUOM KOKO 4,5 litraa"},"content":{"rendered":"<p>Luomumaidosta valmistettu j\u00e4\u00e4tel\u00f6, jossa maistuu piparminttu ja aito vanilja. Sopii parhaiten suoraan purkista yksin nautittavaksi. P\u00e4iv\u00e4yst\u00e4 kev\u00e4\u00e4lle 2024.<\/p>\n<p>Astiassa 4500ml.<\/p>\n<p>Valmistusaineet:<\/p>\n<p>luomuMAITO (Suomi), luomuKERMA (Suomi), sokeri, rasvaton maitojauhe, t\u00e4rkkelyssiirappi, emulgointi- ja stabilointiaineet E471 (johanneksenleip\u00e4puujauhe, guarkumi, karrageeni), piparminttuaromi, vanilja, elintarvikev\u00e4ri vihre\u00e4 (vesi, kosteudens\u00e4ilytt\u00e4j\u00e4, E422, E161b, E133, E211, E202)<\/p>\n","protected":false},"excerpt":{"rendered":"<p>Luomumaidosta valmistettu j\u00e4\u00e4tel\u00f6, jossa maistuu piparminttu ja aito vanilja. Sopii parhaiten suoraan purkista yksin nautittavaksi. P\u00e4iv\u00e4yst\u00e4 kev\u00e4\u00e4lle 2024. Astiassa 4500ml. Valmistusaineet: luomuMAITO (Suomi), luomuKERMA (Suomi), sokeri, rasvaton maitojauhe, t\u00e4rkkelyssiirappi, emulgointi- ja stabilointiaineet E471 (johanneksenleip\u00e4puujauhe, guarkumi, karrageeni), piparminttuaromi, vanilja, elintarvikev\u00e4ri vihre\u00e4 (vesi, kosteudens\u00e4ilytt\u00e4j\u00e4, E422, E161b, E133, E211, E202)<\/p>\n","protected":false},"featured_media":553,"comment_status":"open","ping_status":"closed","template":"","meta":{"_acf_changed":false},"product_brand":[],"product_cat":[15],"product_tag":[],"class_list":{"0":"post-554","1":"product","2":"type-product","3":"status-publish","4":"has-post-thumbnail","6":"product_cat-juustot","8":"first","9":"outofstock","10":"sale","11":"taxable","12":"shipping-taxable","13":"purchasable","14":"product-type-simple"},"acf":[],"_links":{"self":[{"href":"https:\/\/shop.juustola.fi\/tilamyymala\/wp-json\/wp\/v2\/product\/554","targetHints":{"allow":["GET"]}}],"collection":[{"href":"https:\/\/shop.juustola.fi\/tilamyymala\/wp-json\/wp\/v2\/product"}],"about":[{"href":"https:\/\/shop.juustola.fi\/tilamyymala\/wp-json\/wp\/v2\/types\/product"}],"replies":[{"embeddable":true,"href":"https:\/\/shop.juustola.fi\/tilamyymala\/wp-json\/wp\/v2\/comments?post=554"}],"wp:featuredmedia":[{"embeddable":true,"href":"https:\/\/shop.juustola.fi\/tilamyymala\/wp-json\/wp\/v2\/media\/553"}],"wp:attachment":[{"href":"https:\/\/shop.juustola.fi\/tilamyymala\/wp-json\/wp\/v2\/media?parent=554"}],"wp:term":[{"taxonomy":"product_brand","embeddable":true,"href":"https:\/\/shop.juustola.fi\/tilamyymala\/wp-json\/wp\/v2\/product_brand?post=554"},{"taxonomy":"product_cat","embeddable":true,"href":"https:\/\/shop.juustola.fi\/tilamyymala\/wp-json\/wp\/v2\/product_cat?post=554"},{"taxonomy":"product_tag","embeddable":true,"href":"https:\/\/shop.juustola.fi\/tilamyymala\/wp-json\/wp\/v2\/product_tag?post=554"}],"curies":[{"name":"wp","href":"https:\/\/api.w.org\/{rel}","templated":true}]}}