{"id":622,"date":"2022-04-25T10:15:21","date_gmt":"2022-04-25T07:15:21","guid":{"rendered":"https:\/\/shop.juustola.fi\/tilamyymala\/?post_type=product&#038;p=622"},"modified":"2026-01-18T12:53:19","modified_gmt":"2026-01-18T10:53:19","slug":"luomupiima-15-litraa","status":"publish","type":"product","link":"https:\/\/shop.juustola.fi\/tilamyymala\/tuote\/luomupiima-15-litraa\/","title":{"rendered":"Luomupiim\u00e4, 1,5 litraa"},"content":{"rendered":"<p>Luomut\u00e4ysmaitoon hapattamalla tehty perinteinen piim\u00e4. Ruokajuomaksi tai muuten vaan hellim\u00e4\u00e4n vatsaa.<\/p>\n<p>Valmistusaineet:<\/p>\n<p>past\u00f6roitu luomuMAITO(Suomi), hapate<\/p>\n<p>Ravintosis\u00e4lt\u00f6 \/100g:<\/p>\n<p>Energia 265kJ(63kcal)<\/p>\n<p>Rasvaa 3,6g, josta tyydyttynytt\u00e4 2.1g<\/p>\n<p>Hiilihydraattia 4,4g, josta sokeria 4,4g<\/p>\n<p>Proteiinia 3,4g<\/p>\n","protected":false},"excerpt":{"rendered":"<p>Luomut\u00e4ysmaitoon hapattamalla tehty perinteinen piim\u00e4. Ruokajuomaksi tai muuten vaan hellim\u00e4\u00e4n vatsaa.<\/p>\n<p>Valmistusaineet:<\/p>\n<p>past\u00f6roitu luomuMAITO(Suomi), hapate<\/p>\n<p>Ravintosis\u00e4lt\u00f6 \/100g:<\/p>\n<p>Energia 265kJ(63kcal)<\/p>\n<p>Rasvaa 3,6g, josta tyydyttynytt\u00e4 2.1g<\/p>\n<p>Hiilihydraattia 4,4g, josta sokeria 4,4g<\/p>\n<p>Proteiinia 3,4g<\/p>\n","protected":false},"featured_media":623,"comment_status":"open","ping_status":"closed","template":"","meta":{"_acf_changed":false},"product_brand":[],"product_cat":[15],"product_tag":[],"class_list":{"0":"post-622","1":"product","2":"type-product","3":"status-publish","4":"has-post-thumbnail","6":"product_cat-juustot","8":"first","9":"instock","10":"taxable","11":"shipping-taxable","12":"purchasable","13":"product-type-simple"},"acf":[],"_links":{"self":[{"href":"https:\/\/shop.juustola.fi\/tilamyymala\/wp-json\/wp\/v2\/product\/622","targetHints":{"allow":["GET"]}}],"collection":[{"href":"https:\/\/shop.juustola.fi\/tilamyymala\/wp-json\/wp\/v2\/product"}],"about":[{"href":"https:\/\/shop.juustola.fi\/tilamyymala\/wp-json\/wp\/v2\/types\/product"}],"replies":[{"embeddable":true,"href":"https:\/\/shop.juustola.fi\/tilamyymala\/wp-json\/wp\/v2\/comments?post=622"}],"wp:featuredmedia":[{"embeddable":true,"href":"https:\/\/shop.juustola.fi\/tilamyymala\/wp-json\/wp\/v2\/media\/623"}],"wp:attachment":[{"href":"https:\/\/shop.juustola.fi\/tilamyymala\/wp-json\/wp\/v2\/media?parent=622"}],"wp:term":[{"taxonomy":"product_brand","embeddable":true,"href":"https:\/\/shop.juustola.fi\/tilamyymala\/wp-json\/wp\/v2\/product_brand?post=622"},{"taxonomy":"product_cat","embeddable":true,"href":"https:\/\/shop.juustola.fi\/tilamyymala\/wp-json\/wp\/v2\/product_cat?post=622"},{"taxonomy":"product_tag","embeddable":true,"href":"https:\/\/shop.juustola.fi\/tilamyymala\/wp-json\/wp\/v2\/product_tag?post=622"}],"curies":[{"name":"wp","href":"https:\/\/api.w.org\/{rel}","templated":true}]}}