{"id":67,"date":"2020-04-14T16:02:09","date_gmt":"2020-04-14T13:02:09","guid":{"rendered":"https:\/\/juustola-shop.bitwise.fi\/?post_type=product&#038;p=67"},"modified":"2023-12-21T19:58:44","modified_gmt":"2023-12-21T17:58:44","slug":"luomutaysmaito-5-l","status":"publish","type":"product","link":"https:\/\/shop.juustola.fi\/tilamyymala\/tuote\/luomutaysmaito-5-l\/","title":{"rendered":"Luomut\u00e4ysmaito 5 l"},"content":{"rendered":"","protected":false},"excerpt":{"rendered":"<p>Homogenoimaton past\u00f6roitu luomut\u00e4ysmaito 5 litran hanapakkauksessa.<\/p>\n<p>Luomut\u00e4ysmaitomme on Heikkil\u00e4n Juustolan ylpeys. Maitomme maistuu sille, milt\u00e4 oikean maidon kuuluu maistua. Baristojen suunnalta on kuulunut viesti\u00e4, ett\u00e4 luomut\u00e4ysmaitomme on mit\u00e4 parhainta seuraa laadukkaimmillekin kahveille.<\/p>\n<p>Maidon alkuper\u00e4: Liukkalan Luomutila, Lammi.<\/p>\n<p><strong>Valmistusaineet: <\/strong><\/p>\n<p>Past\u00f6roitu luomuMAITO (Suomi)<\/p>\n<p><strong>Ravintosis\u00e4lt\u00f6:<\/strong><\/p>\n<p>Energia 296 kJ (71 kcal) \/ 100 g<br \/>\nRasvaa 4,4 g<br \/>\nHiilihydraattia 4,8 g, josta sokeria 4,8 g<br \/>\nProteiinia 3,0 g<\/p>\n","protected":false},"featured_media":323,"comment_status":"open","ping_status":"closed","template":"","meta":{"_acf_changed":false},"product_brand":[],"product_cat":[39],"product_tag":[],"class_list":{"0":"post-67","1":"product","2":"type-product","3":"status-publish","4":"has-post-thumbnail","6":"product_cat-luomumaito","8":"first","9":"outofstock","10":"taxable","11":"shipping-taxable","12":"purchasable","13":"product-type-simple"},"acf":[],"_links":{"self":[{"href":"https:\/\/shop.juustola.fi\/tilamyymala\/wp-json\/wp\/v2\/product\/67","targetHints":{"allow":["GET"]}}],"collection":[{"href":"https:\/\/shop.juustola.fi\/tilamyymala\/wp-json\/wp\/v2\/product"}],"about":[{"href":"https:\/\/shop.juustola.fi\/tilamyymala\/wp-json\/wp\/v2\/types\/product"}],"replies":[{"embeddable":true,"href":"https:\/\/shop.juustola.fi\/tilamyymala\/wp-json\/wp\/v2\/comments?post=67"}],"wp:featuredmedia":[{"embeddable":true,"href":"https:\/\/shop.juustola.fi\/tilamyymala\/wp-json\/wp\/v2\/media\/323"}],"wp:attachment":[{"href":"https:\/\/shop.juustola.fi\/tilamyymala\/wp-json\/wp\/v2\/media?parent=67"}],"wp:term":[{"taxonomy":"product_brand","embeddable":true,"href":"https:\/\/shop.juustola.fi\/tilamyymala\/wp-json\/wp\/v2\/product_brand?post=67"},{"taxonomy":"product_cat","embeddable":true,"href":"https:\/\/shop.juustola.fi\/tilamyymala\/wp-json\/wp\/v2\/product_cat?post=67"},{"taxonomy":"product_tag","embeddable":true,"href":"https:\/\/shop.juustola.fi\/tilamyymala\/wp-json\/wp\/v2\/product_tag?post=67"}],"curies":[{"name":"wp","href":"https:\/\/api.w.org\/{rel}","templated":true}]}}