{"id":68,"date":"2020-04-14T16:05:47","date_gmt":"2020-04-14T13:05:47","guid":{"rendered":"https:\/\/juustola-shop.bitwise.fi\/?post_type=product&#038;p=68"},"modified":"2026-05-07T11:12:28","modified_gmt":"2026-05-07T08:12:28","slug":"jalmari-leipajuusto-400-g","status":"publish","type":"product","link":"https:\/\/shop.juustola.fi\/tilamyymala\/tuote\/jalmari-leipajuusto-400-g\/","title":{"rendered":"Jalmari-leip\u00e4juusto 400 g"},"content":{"rendered":"","protected":false},"excerpt":{"rendered":"<p>Jalmari on perinteinen suomalainen juustoleip\u00e4 tai leip\u00e4juusto, miten se kenenkin suuhun sopii. Jalmari on parhaimmillaan juuri sellaisena kuin itse sen haluat: kylm\u00e4n\u00e4 tai kuumana, hillolla tai kahvin seassa tai vaikkapa ihan sellaisenaan. Jalmari on luomu, kuten muutkin Heikkil\u00e4n Juustolan tuotteet.<\/p>\n<p><strong>Valmistusaineet:<\/strong><\/p>\n<p>Past\u00f6roitu luomuMAITO (Suomi), suola 0,8 %, juoksute<\/p>\n<p><strong>Ravintosis\u00e4lt\u00f6:<\/strong><\/p>\n<p>Energia 1 159 kJ (277 kcal) \/ 100 g<br \/>\nRasvaa 21 g, josta tyydyttynytt\u00e4 13,8 g<br \/>\nHiilihydraattia 2,5 g, josta sokeria 2,5 g<br \/>\nProteiinia 18,6 g<br \/>\nSuolaa 0,8 g<\/p>\n","protected":false},"featured_media":319,"comment_status":"open","ping_status":"closed","template":"","meta":{"_acf_changed":false},"product_brand":[],"product_cat":[15],"product_tag":[],"class_list":{"0":"post-68","1":"product","2":"type-product","3":"status-publish","4":"has-post-thumbnail","6":"product_cat-juustot","8":"first","9":"outofstock","10":"taxable","11":"shipping-taxable","12":"purchasable","13":"product-type-simple"},"acf":[],"_links":{"self":[{"href":"https:\/\/shop.juustola.fi\/tilamyymala\/wp-json\/wp\/v2\/product\/68","targetHints":{"allow":["GET"]}}],"collection":[{"href":"https:\/\/shop.juustola.fi\/tilamyymala\/wp-json\/wp\/v2\/product"}],"about":[{"href":"https:\/\/shop.juustola.fi\/tilamyymala\/wp-json\/wp\/v2\/types\/product"}],"replies":[{"embeddable":true,"href":"https:\/\/shop.juustola.fi\/tilamyymala\/wp-json\/wp\/v2\/comments?post=68"}],"wp:featuredmedia":[{"embeddable":true,"href":"https:\/\/shop.juustola.fi\/tilamyymala\/wp-json\/wp\/v2\/media\/319"}],"wp:attachment":[{"href":"https:\/\/shop.juustola.fi\/tilamyymala\/wp-json\/wp\/v2\/media?parent=68"}],"wp:term":[{"taxonomy":"product_brand","embeddable":true,"href":"https:\/\/shop.juustola.fi\/tilamyymala\/wp-json\/wp\/v2\/product_brand?post=68"},{"taxonomy":"product_cat","embeddable":true,"href":"https:\/\/shop.juustola.fi\/tilamyymala\/wp-json\/wp\/v2\/product_cat?post=68"},{"taxonomy":"product_tag","embeddable":true,"href":"https:\/\/shop.juustola.fi\/tilamyymala\/wp-json\/wp\/v2\/product_tag?post=68"}],"curies":[{"name":"wp","href":"https:\/\/api.w.org\/{rel}","templated":true}]}}