{"id":69,"date":"2020-04-14T16:11:56","date_gmt":"2020-04-14T13:11:56","guid":{"rendered":"https:\/\/juustola-shop.bitwise.fi\/?post_type=product&#038;p=69"},"modified":"2026-01-18T12:54:07","modified_gmt":"2026-01-18T10:54:07","slug":"hamalainen-pitojuusto-kristiina-330-g","status":"publish","type":"product","link":"https:\/\/shop.juustola.fi\/tilamyymala\/tuote\/hamalainen-pitojuusto-kristiina-330-g\/","title":{"rendered":"H\u00e4m\u00e4l\u00e4inen pitojuusto Kristiina 330 g"},"content":{"rendered":"","protected":false},"excerpt":{"rendered":"<p>Heikkil\u00e4n Juustolan H\u00e4m\u00e4l\u00e4inen luomupitojuusto ei vaadi ymp\u00e4rilleen viikon kest\u00e4vi\u00e4 h\u00e4m\u00e4l\u00e4isi\u00e4 pitoja, vaikka mik\u00e4p\u00e4 jottei jos aikaa on. T\u00e4ytel\u00e4inen pitojuustomme on parhaimmillaan kahvip\u00f6yd\u00e4ss\u00e4 ja tietysti kotimaisten hillojen kera.<\/p>\n<p>Kristiina on py\u00f6re\u00e4 330 g juustopala.<\/p>\n<p><strong>Valmistusaineet:<\/strong><\/p>\n<p>LuomuMAITO (Suomi),<br \/>\nhapate, luomuMUNA, suola 1.2 %<\/p>\n<p><strong>Ravintosis\u00e4lt\u00f6:<\/strong><\/p>\n<p>Energiaa 1 100 kJ (274 kcal) \/ 100 g<br \/>\nRasvaa 16 g, josta tyydyttynytt\u00e4 10,6 g<br \/>\nHiilihydraattia 4 g, josta sokeria 3,6 g<br \/>\nProteiinia 19 g<br \/>\nSuolaa 1,2 g<\/p>\n","protected":false},"featured_media":321,"comment_status":"open","ping_status":"closed","template":"","meta":{"_acf_changed":false},"product_brand":[],"product_cat":[15],"product_tag":[],"class_list":{"0":"post-69","1":"product","2":"type-product","3":"status-publish","4":"has-post-thumbnail","6":"product_cat-juustot","8":"first","9":"instock","10":"taxable","11":"shipping-taxable","12":"purchasable","13":"product-type-simple"},"acf":[],"_links":{"self":[{"href":"https:\/\/shop.juustola.fi\/tilamyymala\/wp-json\/wp\/v2\/product\/69","targetHints":{"allow":["GET"]}}],"collection":[{"href":"https:\/\/shop.juustola.fi\/tilamyymala\/wp-json\/wp\/v2\/product"}],"about":[{"href":"https:\/\/shop.juustola.fi\/tilamyymala\/wp-json\/wp\/v2\/types\/product"}],"replies":[{"embeddable":true,"href":"https:\/\/shop.juustola.fi\/tilamyymala\/wp-json\/wp\/v2\/comments?post=69"}],"wp:featuredmedia":[{"embeddable":true,"href":"https:\/\/shop.juustola.fi\/tilamyymala\/wp-json\/wp\/v2\/media\/321"}],"wp:attachment":[{"href":"https:\/\/shop.juustola.fi\/tilamyymala\/wp-json\/wp\/v2\/media?parent=69"}],"wp:term":[{"taxonomy":"product_brand","embeddable":true,"href":"https:\/\/shop.juustola.fi\/tilamyymala\/wp-json\/wp\/v2\/product_brand?post=69"},{"taxonomy":"product_cat","embeddable":true,"href":"https:\/\/shop.juustola.fi\/tilamyymala\/wp-json\/wp\/v2\/product_cat?post=69"},{"taxonomy":"product_tag","embeddable":true,"href":"https:\/\/shop.juustola.fi\/tilamyymala\/wp-json\/wp\/v2\/product_tag?post=69"}],"curies":[{"name":"wp","href":"https:\/\/api.w.org\/{rel}","templated":true}]}}