{"id":71,"date":"2020-04-14T16:17:17","date_gmt":"2020-04-14T13:17:17","guid":{"rendered":"https:\/\/juustola-shop.bitwise.fi\/?post_type=product&#038;p=71"},"modified":"2026-01-18T12:54:07","modified_gmt":"2026-01-18T10:54:07","slug":"luomujukurtti-1-kg","status":"publish","type":"product","link":"https:\/\/shop.juustola.fi\/tilamyymala\/tuote\/luomujukurtti-1-kg\/","title":{"rendered":"Luomujukurtti 1 kg"},"content":{"rendered":"","protected":false},"excerpt":{"rendered":"<p>Lis\u00e4aineeton ja sokeriton maustamaton jogurtti on valmistettu erinomaisesta luomut\u00e4ysmaidostamme. Sametinpehme\u00e4 Luomujukurtti on hyv\u00e4\u00e4 sellaisenaan, mutta mik\u00e4li haluat taittaa pient\u00e4 happamuutta makealla, suosittelemme suuntaamaan hillopurkille tai marjamets\u00e4\u00e4n. Suomalainen mustikka tai vaikkapa makea mansikka ovat oiva pari Luomujukurtille.<\/p>\n<p><strong>Valmistusaineet:<\/strong><\/p>\n<p>LuomuMAITO (Suomi), hapate<\/p>\n<p><strong>Ravintosis\u00e4lt\u00f6:<\/strong><\/p>\n<p>Energia 280 kJ (67 kcal) \/ 100 g<br \/>\nRasvaa 3,9 g, josta tyydyttynytt\u00e4 2,6 g<br \/>\nHiilihydraattia 4,8 g, josta sokeria 4,8 g<br \/>\nProteiinia 3,0 g<br \/>\nSuolaa 0,1 g<\/p>\n","protected":false},"featured_media":275,"comment_status":"open","ping_status":"closed","template":"","meta":{"_acf_changed":false},"product_brand":[],"product_cat":[40],"product_tag":[],"class_list":{"0":"post-71","1":"product","2":"type-product","3":"status-publish","4":"has-post-thumbnail","6":"product_cat-jogurtti","8":"first","9":"instock","10":"taxable","11":"shipping-taxable","12":"purchasable","13":"product-type-simple"},"acf":[],"_links":{"self":[{"href":"https:\/\/shop.juustola.fi\/tilamyymala\/wp-json\/wp\/v2\/product\/71","targetHints":{"allow":["GET"]}}],"collection":[{"href":"https:\/\/shop.juustola.fi\/tilamyymala\/wp-json\/wp\/v2\/product"}],"about":[{"href":"https:\/\/shop.juustola.fi\/tilamyymala\/wp-json\/wp\/v2\/types\/product"}],"replies":[{"embeddable":true,"href":"https:\/\/shop.juustola.fi\/tilamyymala\/wp-json\/wp\/v2\/comments?post=71"}],"wp:featuredmedia":[{"embeddable":true,"href":"https:\/\/shop.juustola.fi\/tilamyymala\/wp-json\/wp\/v2\/media\/275"}],"wp:attachment":[{"href":"https:\/\/shop.juustola.fi\/tilamyymala\/wp-json\/wp\/v2\/media?parent=71"}],"wp:term":[{"taxonomy":"product_brand","embeddable":true,"href":"https:\/\/shop.juustola.fi\/tilamyymala\/wp-json\/wp\/v2\/product_brand?post=71"},{"taxonomy":"product_cat","embeddable":true,"href":"https:\/\/shop.juustola.fi\/tilamyymala\/wp-json\/wp\/v2\/product_cat?post=71"},{"taxonomy":"product_tag","embeddable":true,"href":"https:\/\/shop.juustola.fi\/tilamyymala\/wp-json\/wp\/v2\/product_tag?post=71"}],"curies":[{"name":"wp","href":"https:\/\/api.w.org\/{rel}","templated":true}]}}