{"id":73,"date":"2020-04-14T16:24:58","date_gmt":"2020-04-14T13:24:58","guid":{"rendered":"https:\/\/juustola-shop.bitwise.fi\/?post_type=product&#038;p=73"},"modified":"2024-08-21T18:51:19","modified_gmt":"2024-08-21T15:51:19","slug":"grillijuusto-150-g","status":"publish","type":"product","link":"https:\/\/shop.juustola.fi\/tilamyymala\/tuote\/grillijuusto-150-g\/","title":{"rendered":"Grillijuusto 150 g"},"content":{"rendered":"","protected":false},"excerpt":{"rendered":"<p>Herkullinen Heikkil\u00e4n luomugrillijuusto kannattaa py\u00f6r\u00e4ytt\u00e4\u00e4 pannun tai parilan kautta salaattiin tai ruoan lisukkeeksi.<\/p>\n<p>Grillijuusto on parhaimmillaan pinnalta hieman rapsakaksi paahtuneena ja sis\u00e4lt\u00e4 pehme\u00e4n\u00e4. Kokeile kylkeen vaikkapa tulisen makeaa paholaisen hilloa.<\/p>\n<p>Grillijuusto on pakattu 150 g neli\u00f6palaksi.<\/p>\n<p><strong>Valmistusaineet: <\/strong><\/p>\n<p>Past\u00f6roitu luomuMAITO (Suomi), merisuola 1,6%, juoksute<\/p>\n<p><strong>Ravintosis\u00e4lt\u00f6:<\/strong><\/p>\n<p>Energia 1 490 kJ (356 kcal) \/ 100 g<br \/>\nRasvaa 27,6 g, josta tyydyttynytt\u00e4 15,2 g<br \/>\nHiilihydraattia 3,1 g, josta sokeria 1,6 g<br \/>\nProteiinia 24,4 g<br \/>\nSuolaa 1,6 g<\/p>\n","protected":false},"featured_media":78,"comment_status":"open","ping_status":"closed","template":"","meta":{"_acf_changed":false},"product_brand":[],"product_cat":[15],"product_tag":[],"class_list":{"0":"post-73","1":"product","2":"type-product","3":"status-publish","4":"has-post-thumbnail","6":"product_cat-juustot","8":"first","9":"outofstock","10":"taxable","11":"shipping-taxable","12":"purchasable","13":"product-type-simple"},"acf":[],"_links":{"self":[{"href":"https:\/\/shop.juustola.fi\/tilamyymala\/wp-json\/wp\/v2\/product\/73","targetHints":{"allow":["GET"]}}],"collection":[{"href":"https:\/\/shop.juustola.fi\/tilamyymala\/wp-json\/wp\/v2\/product"}],"about":[{"href":"https:\/\/shop.juustola.fi\/tilamyymala\/wp-json\/wp\/v2\/types\/product"}],"replies":[{"embeddable":true,"href":"https:\/\/shop.juustola.fi\/tilamyymala\/wp-json\/wp\/v2\/comments?post=73"}],"wp:featuredmedia":[{"embeddable":true,"href":"https:\/\/shop.juustola.fi\/tilamyymala\/wp-json\/wp\/v2\/media\/78"}],"wp:attachment":[{"href":"https:\/\/shop.juustola.fi\/tilamyymala\/wp-json\/wp\/v2\/media?parent=73"}],"wp:term":[{"taxonomy":"product_brand","embeddable":true,"href":"https:\/\/shop.juustola.fi\/tilamyymala\/wp-json\/wp\/v2\/product_brand?post=73"},{"taxonomy":"product_cat","embeddable":true,"href":"https:\/\/shop.juustola.fi\/tilamyymala\/wp-json\/wp\/v2\/product_cat?post=73"},{"taxonomy":"product_tag","embeddable":true,"href":"https:\/\/shop.juustola.fi\/tilamyymala\/wp-json\/wp\/v2\/product_tag?post=73"}],"curies":[{"name":"wp","href":"https:\/\/api.w.org\/{rel}","templated":true}]}}