{"id":886,"date":"2025-04-27T19:39:03","date_gmt":"2025-04-27T16:39:03","guid":{"rendered":"https:\/\/shop.juustola.fi\/tilamyymala\/?post_type=product&#038;p=886"},"modified":"2026-04-22T18:56:06","modified_gmt":"2026-04-22T15:56:06","slug":"rommirusinajaatelo","status":"publish","type":"product","link":"https:\/\/shop.juustola.fi\/tilamyymala\/tuote\/rommirusinajaatelo\/","title":{"rendered":"Rommirusinaj\u00e4\u00e4tel\u00f6"},"content":{"rendered":"<p>T\u00e4ytel\u00e4inen, herkullinen&#8230;<\/p>\n<p>Luomumaidosta valmistettu j\u00e4\u00e4tel\u00f6, jossa maistuu aito vanilja, t\u00e4ytel\u00e4inen rommi ja kuivattu viiniryp\u00e4le eli rusina. Sopii parhaiten suoraan purkista yksin nautittavaksi.<\/p>\n<p>Purkissa 550ml t\u00e4ytt\u00e4 tavaraa.<\/p>\n<p>Valmistusaineet:<\/p>\n<p>luomuMAITO (Suomi), luomuKERMA (Suomi), sokeri, rasvaton maitojauhe, t\u00e4rkkelyssiirappi, emulgointi- ja stabilointiaineet E471 (johanneksenleip\u00e4puujauhe, guarkumi, karrageeni), rusina, rommi, vanilja<\/p>\n","protected":false},"excerpt":{"rendered":"<p>T\u00e4ytel\u00e4inen, herkullinen&#8230; Luomumaidosta valmistettu j\u00e4\u00e4tel\u00f6, jossa maistuu aito vanilja, t\u00e4ytel\u00e4inen rommi ja kuivattu viiniryp\u00e4le eli rusina. Sopii parhaiten suoraan purkista yksin nautittavaksi. Purkissa 550ml t\u00e4ytt\u00e4 tavaraa. Valmistusaineet: luomuMAITO (Suomi), luomuKERMA (Suomi), sokeri, rasvaton maitojauhe, t\u00e4rkkelyssiirappi, emulgointi- ja stabilointiaineet E471 (johanneksenleip\u00e4puujauhe, guarkumi, karrageeni), rusina, rommi, vanilja<\/p>\n","protected":false},"featured_media":646,"comment_status":"open","ping_status":"closed","template":"","meta":{"_acf_changed":false},"product_brand":[],"product_cat":[15],"product_tag":[],"class_list":{"0":"post-886","1":"product","2":"type-product","3":"status-publish","4":"has-post-thumbnail","6":"product_cat-juustot","8":"first","9":"instock","10":"taxable","11":"shipping-taxable","12":"purchasable","13":"product-type-simple"},"acf":[],"_links":{"self":[{"href":"https:\/\/shop.juustola.fi\/tilamyymala\/wp-json\/wp\/v2\/product\/886","targetHints":{"allow":["GET"]}}],"collection":[{"href":"https:\/\/shop.juustola.fi\/tilamyymala\/wp-json\/wp\/v2\/product"}],"about":[{"href":"https:\/\/shop.juustola.fi\/tilamyymala\/wp-json\/wp\/v2\/types\/product"}],"replies":[{"embeddable":true,"href":"https:\/\/shop.juustola.fi\/tilamyymala\/wp-json\/wp\/v2\/comments?post=886"}],"wp:featuredmedia":[{"embeddable":true,"href":"https:\/\/shop.juustola.fi\/tilamyymala\/wp-json\/wp\/v2\/media\/646"}],"wp:attachment":[{"href":"https:\/\/shop.juustola.fi\/tilamyymala\/wp-json\/wp\/v2\/media?parent=886"}],"wp:term":[{"taxonomy":"product_brand","embeddable":true,"href":"https:\/\/shop.juustola.fi\/tilamyymala\/wp-json\/wp\/v2\/product_brand?post=886"},{"taxonomy":"product_cat","embeddable":true,"href":"https:\/\/shop.juustola.fi\/tilamyymala\/wp-json\/wp\/v2\/product_cat?post=886"},{"taxonomy":"product_tag","embeddable":true,"href":"https:\/\/shop.juustola.fi\/tilamyymala\/wp-json\/wp\/v2\/product_tag?post=886"}],"curies":[{"name":"wp","href":"https:\/\/api.w.org\/{rel}","templated":true}]}}